{"id":254432,"date":"2026-02-18T16:49:45","date_gmt":"2026-02-18T16:49:45","guid":{"rendered":"https:\/\/i-eco.si\/?page_id=254432"},"modified":"2026-02-18T16:51:12","modified_gmt":"2026-02-18T16:51:12","slug":"blog","status":"publish","type":"page","link":"https:\/\/i-eco.si\/sr\/blog\/","title":{"rendered":"Blog"},"content":{"rendered":"<p>[et_pb_section fb_built=&#8220;1&#8243; admin_label=&#8220;Header &#038; Blog&#8220; _builder_version=&#8220;4.23.2&#8243; _module_preset=&#8220;default&#8220; global_colors_info=&#8220;{}&#8220; custom_padding=&#8220;||0px|||&#8220;][et_pb_row _builder_version=&#8220;4.27.4&#8243; _module_preset=&#8220;default&#8220; hover_enabled=&#8220;0&#8243; global_colors_info=&#8220;{}&#8220; sticky_enabled=&#8220;0&#8243; custom_padding=&#8220;||0px|||&#8220;][et_pb_column type=&#8220;4_4&#8243; _builder_version=&#8220;4.23.2&#8243; _module_preset=&#8220;default&#8220; global_colors_info=&#8220;{}&#8220;][et_pb_text _builder_version=&#8220;4.27.4&#8243; _module_preset=&#8220;_initial&#8220; header_4_font=&#8220;Josefin Sans|700||on|||||&#8220; header_4_text_color=&#8220;gcid-cc026ee9-2dfb-4c5b-892b-7f86cd297fec&#8220; header_4_font_size=&#8220;14px&#8220; header_4_letter_spacing=&#8220;1px&#8220; header_4_line_height=&#8220;1.4em&#8220; text_orientation=&#8220;center&#8220; custom_margin=&#8220;||10px||false|false&#8220; hover_enabled=&#8220;0&#8243; global_colors_info=&#8220;{%22gcid-c515c2e5-3fd0-4426-90da-e434a88a980d%22:%91%22text_text_color%22%93,%22gcid-cc026ee9-2dfb-4c5b-892b-7f86cd297fec%22:%91%22header_4_text_color%22%93}&#8220; header_font=&#8220;|800|||||||&#8220; header_text_color=&#8220;#229F00&#8243; header_font_size=&#8220;6em&#8220; header_font_size_last_edited=&#8220;on|phone&#8220; sticky_enabled=&#8220;0&#8243; header_font_size_tablet=&#8220;6em&#8220; header_font_size_phone=&#8220;6em&#8220;]<\/p>\n<h1>Blog<\/h1>\n<p>[\/et_pb_text][et_pb_text _builder_version=&#8220;4.27.4&#8243; _module_preset=&#8220;_initial&#8220; header_font=&#8220;Josefin Sans|700|||||||&#8220; header_text_color=&#8220;gcid-0a70bcaa-1736-40e0-9723-4fb88b8b6694&#8243; header_font_size=&#8220;72px&#8220; header_line_height=&#8220;1.2em&#8220; text_orientation=&#8220;center&#8220; hover_enabled=&#8220;0&#8243; header_font_size_tablet=&#8220;40px&#8220; header_font_size_phone=&#8220;24px&#8220; header_font_size_last_edited=&#8220;on|desktop&#8220; global_colors_info=&#8220;{%22gcid-0a70bcaa-1736-40e0-9723-4fb88b8b6694%22:%91%22header_text_color%22%93}&#8220; header_3_font=&#8220;|700|||||||&#8220; header_3_font_size=&#8220;5em&#8220; sticky_enabled=&#8220;0&#8243; header_2_font=&#8220;|700|||||||&#8220; header_2_font_size=&#8220;3em&#8220; header_2_font_size_last_edited=&#8220;on|phone&#8220; header_2_font_size_phone=&#8220;2em&#8220; header_2_font_size_tablet=&#8220;3em&#8220;]<\/p>\n<h2>Pore\u0111enja sa drugim sistemima<\/h2>\n<p>[\/et_pb_text][et_pb_blog fullwidth=&#8220;off&#8220; posts_number=&#8220;9&#8243; show_author=&#8220;off&#8220; _builder_version=&#8220;4.27.4&#8243; _module_preset=&#8220;default&#8220; header_font=&#8220;|700|||||||&#8220; header_font_size=&#8220;20px&#8220; header_line_height=&#8220;1.4em&#8220; meta_font=&#8220;&#8211;et_global_body_font|700|||||||&#8220; meta_text_color=&#8220;#E09900&#8243; meta_font_size=&#8220;12px&#8220; meta_letter_spacing=&#8220;0.12em&#8220; read_more_font=&#8220;Josefin Sans|700||on|||||&#8220; read_more_text_color=&#8220;gcid-0a70bcaa-1736-40e0-9723-4fb88b8b6694&#8243; read_more_letter_spacing=&#8220;0.12em&#8220; pagination_font=&#8220;Josefin Sans|700|||||||&#8220; pagination_text_color=&#8220;gcid-0a70bcaa-1736-40e0-9723-4fb88b8b6694&#8243; pagination_font_size=&#8220;20px&#8220; hover_enabled=&#8220;0&#8243; header_font_size_tablet=&#8220;16px&#8220; header_font_size_phone=&#8220;16px&#8220; header_font_size_last_edited=&#8220;on|desktop&#8220; pagination_font_size_tablet=&#8220;16px&#8220; pagination_font_size_phone=&#8220;14px&#8220; pagination_font_size_last_edited=&#8220;on|desktop&#8220; border_width_all=&#8220;0px&#8220; locked=&#8220;off&#8220; global_colors_info=&#8220;{%22gcid-0a70bcaa-1736-40e0-9723-4fb88b8b6694%22:%91%22read_more_text_color%22,%22pagination_text_color%22%93}&#8220; sticky_enabled=&#8220;0&#8243; header_font_last_edited=&#8220;on|phone&#8220; header_font_tablet=&#8220;|700|||||||&#8220; header_font_phone=&#8220;|700|||||||&#8220;][\/et_pb_blog][\/et_pb_column][\/et_pb_row][\/et_pb_section][et_pb_section fb_built=&#8220;1&#8243; admin_label=&#8220;Call to Action&#8220; _builder_version=&#8220;4.18.0&#8243; _module_preset=&#8220;default&#8220; locked=&#8220;off&#8220; collapsed=&#8220;on&#8220; global_colors_info=&#8220;{}&#8220;][et_pb_row column_structure=&#8220;3_5,2_5&#8243; make_equal=&#8220;on&#8220; custom_padding_last_edited=&#8220;on|desktop&#8220; _builder_version=&#8220;4.27.0&#8243; _module_preset=&#8220;333b8a65-5730-490d-b80e-51611171c668&#8243; background_color=&#8220;#22577a&#8220; custom_padding=&#8220;60px|60px|60px|60px|true|true&#8220; custom_padding_tablet=&#8220;30px|30px|30px|30px|true|true&#8220; custom_padding_phone=&#8220;20px|20px|20px|20px|true|true&#8220; border_radii=&#8220;on|6px|6px|6px|6px&#8220; global_colors_info=&#8220;{}&#8220;][et_pb_column type=&#8220;3_5&#8243; _builder_version=&#8220;4.17.6&#8243; _module_preset=&#8220;73121f80-a3ef-4484-8763-c3f18e3c56d2&#8243; global_colors_info=&#8220;{}&#8220;][et_pb_heading title=&#8220;Kontaktirajte nas za vi\u0161e informacija&#8220; _builder_version=&#8220;4.27.4&#8243; _module_preset=&#8220;c33f07d9-41e0-421a-8799-5799df695cce&#8220; title_level=&#8220;h2&#8243; title_font=&#8220;&#8211;et_global_heading_font|IBM Plex Sans Condensed_weight|||||||&#8220; title_text_color=&#8220;#FFFFFF&#8220; title_font_size=&#8220;50px&#8220; title_line_height=&#8220;1.2em&#8220; custom_margin=&#8220;||10px||false|false&#8220; title_font_size_tablet=&#8220;28px&#8220; title_font_size_phone=&#8220;20px&#8220; title_font_size_last_edited=&#8220;on|phone&#8220; global_colors_info=&#8220;{}&#8220;][\/et_pb_heading][et_pb_text quote_border_color=&#8220;#FFFFFF&#8220; _builder_version=&#8220;4.27.4&#8243; _module_preset=&#8220;0504de1e-f5ff-4281-ba60-cbbe4edf98bc&#8220; text_font=&#8220;IBM Plex Sans|IBM Plex Sans_weight|||||||&#8220; text_text_color=&#8220;#FFFFFF&#8220; text_font_size=&#8220;16px&#8220; text_line_height=&#8220;1.75em&#8220; link_font=&#8220;||||on||||&#8220; link_text_color=&#8220;#FFFFFF&#8220; quote_font=&#8220;IBM Plex Sans Condensed|IBM Plex Sans Condensed_weight|||||||&#8220; quote_text_color=&#8220;#FFFFFF&#8220; header_font=&#8220;IBM Plex Sans Condensed|IBM Plex Sans Condensed_weight|||||||&#8220; header_text_color=&#8220;#FFFFFF&#8220; header_font_size=&#8220;72px&#8220; header_line_height=&#8220;1.15em&#8220; header_2_font=&#8220;IBM Plex Sans Condensed|IBM Plex Sans Condensed_weight|||||||&#8220; header_2_text_color=&#8220;#FFFFFF&#8220; header_2_font_size=&#8220;50px&#8220; header_2_line_height=&#8220;1.2em&#8220; header_3_font=&#8220;IBM Plex Sans Condensed|IBM Plex Sans Condensed_weight|||||||&#8220; header_3_text_color=&#8220;#FFFFFF&#8220; header_3_font_size=&#8220;32px&#8220; header_3_line_height=&#8220;1.3em&#8220; header_4_font=&#8220;IBM Plex Sans Condensed|IBM Plex Sans Condensed_weight|||||||&#8220; header_4_text_color=&#8220;#FFFFFF&#8220; header_4_font_size=&#8220;24px&#8220; header_4_line_height=&#8220;1.4em&#8220; header_5_font=&#8220;IBM Plex Sans Condensed|IBM Plex Sans Condensed_weight|||||||&#8220; header_5_text_color=&#8220;#FFFFFF&#8220; header_5_font_size=&#8220;18px&#8220; header_5_line_height=&#8220;1.4em&#8220; header_6_font=&#8220;IBM Plex Sans Condensed|IBM Plex Sans Condensed_weight|||||||&#8220; header_6_text_color=&#8220;#FFFFFF&#8220; header_6_line_height=&#8220;1.5em&#8220; custom_margin=&#8220;||||false|false&#8220; text_font_size_tablet=&#8220;15px&#8220; text_font_size_phone=&#8220;14px&#8220; text_font_size_last_edited=&#8220;on|phone&#8220; header_font_size_tablet=&#8220;40px&#8220; header_font_size_phone=&#8220;24px&#8220; header_font_size_last_edited=&#8220;on|desktop&#8220; header_2_font_size_tablet=&#8220;28px&#8220; header_2_font_size_phone=&#8220;20px&#8220; header_2_font_size_last_edited=&#8220;on|phone&#8220; header_3_font_size_tablet=&#8220;22px&#8220; header_3_font_size_phone=&#8220;17px&#8220; header_3_font_size_last_edited=&#8220;on|phone&#8220; header_4_font_size_tablet=&#8220;18px&#8220; header_4_font_size_phone=&#8220;15px&#8220; header_4_font_size_last_edited=&#8220;on|tablet&#8220; header_5_font_size_tablet=&#8220;15px&#8220; header_5_font_size_phone=&#8220;14px&#8220; header_5_font_size_last_edited=&#8220;on|desktop&#8220; header_6_font_size_tablet=&#8220;13px&#8220; header_6_font_size_phone=&#8220;13px&#8220; header_6_font_size_last_edited=&#8220;on|desktop&#8220; locked=&#8220;off&#8220; global_colors_info=&#8220;{%22gcid-36fd78a7-34bc-404d-873c-dafa34efaae5%22:%91%22icon_color%22,%22icon_color%22,%22icon_color%22,%22icon_color%22,%22link_text_color%22,%22icon_color%22,%22icon_color%22,%22icon_color%22,%22icon_color%22,%22link_text_color%22%93}&#8220;]<\/p>\n<p>Otkrijte prednosti I-Eco sistema i iskoristite priliku da pobolj\u0161ate udobnost svog doma. Na\u0161i stru\u010dnjaci su vam na raspolaganju da odgovore na sva pitanja i pomognu vam pri kupovini.<\/p>\n<p>[\/et_pb_text][\/et_pb_column][et_pb_column type=&#8220;2_5&#8243; _builder_version=&#8220;4.18.0&#8243; _module_preset=&#8220;73121f80-a3ef-4484-8763-c3f18e3c56d2&#8243; global_colors_info=&#8220;{}&#8220;][et_pb_button button_url=&#8220;https:\/\/i-eco.si\/sr\/kontakt\/&#8220; button_text=&#8220;Proveri na\u0161u ponudu&#8220; button_alignment=&#8220;right&#8220; _builder_version=&#8220;4.27.4&#8243; _module_preset=&#8220;ab15fb74-61a3-43aa-96b3-41e09aeef654&#8243; custom_button=&#8220;on&#8220; button_text_size=&#8220;14px&#8220; button_text_color=&#8220;#22577a&#8220; button_bg_color=&#8220;#FFFFFF&#8220; button_border_width=&#8220;0px&#8220; button_border_radius=&#8220;100px&#8220; button_font=&#8220;IBM Plex Sans|700|||||||&#8220; custom_padding=&#8220;12px|24px|12px|24px|true|true&#8220; global_colors_info=&#8220;{}&#8220;][\/et_pb_button][\/et_pb_column][\/et_pb_row][\/et_pb_section]<\/p>\n","protected":false},"excerpt":{"rendered":"<p>BlogPore\u0111enja sa drugim sistemimaOtkrijte prednosti I-Eco sistema i iskoristite priliku da pobolj\u0161ate udobnost svog doma. Na\u0161i stru\u010dnjaci su vam na raspolaganju da odgovore na sva pitanja i pomognu vam pri kupovini.<\/p>\n","protected":false},"author":1,"featured_media":0,"parent":0,"menu_order":0,"comment_status":"closed","ping_status":"closed","template":"","meta":{"_et_pb_use_builder":"on","_et_pb_old_content":"","_et_gb_content_width":"","footnotes":""},"class_list":["post-254432","page","type-page","status-publish","hentry"],"_links":{"self":[{"href":"https:\/\/i-eco.si\/sr\/wp-json\/wp\/v2\/pages\/254432","targetHints":{"allow":["GET"]}}],"collection":[{"href":"https:\/\/i-eco.si\/sr\/wp-json\/wp\/v2\/pages"}],"about":[{"href":"https:\/\/i-eco.si\/sr\/wp-json\/wp\/v2\/types\/page"}],"author":[{"embeddable":true,"href":"https:\/\/i-eco.si\/sr\/wp-json\/wp\/v2\/users\/1"}],"replies":[{"embeddable":true,"href":"https:\/\/i-eco.si\/sr\/wp-json\/wp\/v2\/comments?post=254432"}],"version-history":[{"count":5,"href":"https:\/\/i-eco.si\/sr\/wp-json\/wp\/v2\/pages\/254432\/revisions"}],"predecessor-version":[{"id":254452,"href":"https:\/\/i-eco.si\/sr\/wp-json\/wp\/v2\/pages\/254432\/revisions\/254452"}],"wp:attachment":[{"href":"https:\/\/i-eco.si\/sr\/wp-json\/wp\/v2\/media?parent=254432"}],"curies":[{"name":"wp","href":"https:\/\/api.w.org\/{rel}","templated":true}]}}