{"id":29756,"date":"2017-09-15T08:11:57","date_gmt":"2017-09-15T08:11:57","guid":{"rendered":"https:\/\/i-eco.si\/prednosti-sistema\/"},"modified":"2018-01-03T13:57:57","modified_gmt":"2018-01-03T13:57:57","slug":"avantages-du-systeme","status":"publish","type":"page","link":"https:\/\/i-eco.si\/fr\/avantages-du-systeme\/","title":{"rendered":"Avantages du syst\u00e8me"},"content":{"rendered":"<p>[et_pb_section fb_built=\u00a0\u00bb1&Prime; background_color=\u00a0\u00bb#bcbcbc\u00a0\u00bb module_id=\u00a0\u00bbekonomicnost\u00a0\u00bb _builder_version=\u00a0\u00bb3.0.64&Prime; custom_padding=\u00a0\u00bb54px|0px|54px|0px\u00a0\u00bb][et_pb_row module_id=\u00a0\u00bbekonomicnost_vrhunsko-ugodje\u00a0\u00bb _builder_version=\u00a0\u00bb3.0.64&Prime;][et_pb_column type=\u00a0\u00bb4_4&Prime; _builder_version=\u00a0\u00bb3.0.47&Prime; parallax=\u00a0\u00bboff\u00a0\u00bb parallax_method=\u00a0\u00bbon\u00a0\u00bb][et_pb_text module_id=\u00a0\u00bbekonomicnost\u00a0\u00bb _builder_version=\u00a0\u00bb3.0.85&Prime; header_font_size=\u00a0\u00bb48px\u00a0\u00bb]<\/p>\n<h1 style=\"text-align: center;\">Pourquoi choisir le chauffage au sol i-eco?<\/h1>\n<p>[\/et_pb_text][\/et_pb_column][\/et_pb_row][et_pb_row make_fullwidth=\u00a0\u00bbon\u00a0\u00bb module_id=\u00a0\u00bbvarcnost\u00a0\u00bb _builder_version=\u00a0\u00bb3.0.64&Prime; background_size=\u00a0\u00bbinitial\u00a0\u00bb background_position=\u00a0\u00bbtop_left\u00a0\u00bb background_repeat=\u00a0\u00bbrepeat\u00a0\u00bb][et_pb_column type=\u00a0\u00bb2_3&Prime; _builder_version=\u00a0\u00bb3.0.47&Prime; parallax=\u00a0\u00bboff\u00a0\u00bb parallax_method=\u00a0\u00bbon\u00a0\u00bb][et_pb_text _builder_version=\u00a0\u00bb3.0.64&Prime;]<\/p>\n<h2>\u00c9CONOMIQUE<\/h2>\n<p>1 \u2013 PREMIER INVESTISSEMENT<\/p>\n<p>Le chauffage i-eco est l&rsquo;un des syst\u00e8mes de chauffage dit central, caract\u00e9ris\u00e9 par le fait qu&rsquo;il n&rsquo;a pas besoin de chaudi\u00e8re, de chemin\u00e9e ou d&rsquo;un espace pour le stockage de l&rsquo;\u00e9nergie. Par cons\u00e9quent, il est nettement moins cher que les syst\u00e8mes centraux. Le co\u00fbt d\u2019installation d&rsquo;une chaudi\u00e8re, d&rsquo;une chemin\u00e9e et d&rsquo;un espace pour le stockage de l&rsquo;\u00e9nergie d\u00e9passe g\u00e9n\u00e9ralement l&rsquo;investissement initial total de notre chauffage.<\/p>\n<p><strong>Si vous investissez votre argent dans un syst\u00e8me photovolta\u00efque, vous vous chaufferez gratuitement.<\/strong><\/p>\n<p>2 \u2013 EFFICACIT\u00c9 DU CHAUFFAGE (consommation d&rsquo;\u00e9nergie)<\/p>\n<p>Notre chauffage ne subit aucune perte d&rsquo;\u00e9nergie typique des syst\u00e8mes centraux (pertes de la chaudi\u00e8re, perte d&rsquo;\u00e9nergie pendant le transfert du chauffage, perte de r\u00e9gulation) Le chauffage au sol a un profil de temp\u00e9rature presque id\u00e9al Le syst\u00e8me de chauffage \u00e0 grande \u00e9chelle offre un r\u00e9gime de temp\u00e9rature extr\u00eamement bas.\u00a0Le contr\u00f4le est direct et r\u00e9glable pour chaque pi\u00e8ce individuelle.\u00a0Nous remplissons ainsi toutes les conditions pour une efficacit\u00e9 \u00e9nerg\u00e9tique maximale.<\/p>\n<p><strong>Avec moins d&rsquo;\u00e9nergie, vous ne pouvez tout simplement pas chauffer correctement l\u2019espace ! Les co\u00fbts de chauffage sont \u00e9galement appropri\u00e9s pour cela.<\/strong><\/p>\n<p>3 \u2013 \u00a0FRAIS D\u2019ENTRETIEN<\/p>\n<p>Entretien r\u00e9gulier :\u00a0<strong>Il n&rsquo;y a tout simplement pas d\u2019entretien \u00e0 r\u00e9aliser.<\/strong>\u00a0Par cons\u00e9quent, il n&rsquo;y a pas de co\u00fbt d&rsquo;entretien annuel de la chaudi\u00e8re, du r\u00e9servoir, de la chemin\u00e9e et des radiateurs. Les r\u00e9parations sont exceptionnelles (pannes), rares et peu co\u00fbteuses.<\/p>\n<p>4- DUREE DE VIE DU PRODUIT (DURABILIT\u00c9)<\/p>\n<p>La dur\u00e9e de vie pr\u00e9vue du film chauffant\u00a0<strong>d\u00e9passe 100 ans.<\/strong><\/p>\n<p>La dur\u00e9e de vie pr\u00e9vue des transformateurs\u00a0<strong>d\u00e9passe 50 ans.<\/strong><\/p>\n<p>Concernant les frais d&rsquo;entretien et la dur\u00e9e de vie du produit, notre syst\u00e8me de chauffage est tr\u00e8s peu concurrenc\u00e9.<\/p>\n<p><strong>Conclusion : Le co\u00fbt relativement \u00e9lev\u00e9 de l&rsquo;\u00e9nergie (\u00e9lectricit\u00e9) est enti\u00e8rement compens\u00e9 par le faible investissement initial du syst\u00e8me, l\u2019efficacit\u00e9 \u00e9nerg\u00e9tique maximale, la durabilit\u00e9 et les frais d\u2019entretien n\u00e9gligeables.<\/strong><\/p>\n<p>[\/et_pb_text][\/et_pb_column][et_pb_column type=\u00a0\u00bb1_3&Prime; _builder_version=\u00a0\u00bb3.0.47&Prime; parallax=\u00a0\u00bboff\u00a0\u00bb parallax_method=\u00a0\u00bbon\u00a0\u00bb][et_pb_text _builder_version=\u00a0\u00bb3.0.64&Prime;]<\/p>\n<h1>CONFORT SUP\u00c9RIEUR<\/h1>\n<p>\u00a0<\/p>\n<p>Dans un r\u00e9gime de temp\u00e9rature extr\u00eamement basse et une capacit\u00e9 de chauffe importante, ce chauffage ne peut vous offrir que du pur plaisir. Nous avons \u00e9galement accord\u00e9 plus d&rsquo;attention au confort de vie. Les r\u00e9sultats sont les suivants :<\/p>\n<p>\u2013\u00a0 r\u00e9partition uniforme et \u00e9quilibr\u00e9e de la chaleur ;<br \/>\n\u2013\u00a0 r\u00e9partition uniforme de la temp\u00e9rature le long des planchers et dans l&rsquo;espace ;<br \/>\n\u2013\u00a0 exactement le profil de temp\u00e9rature id\u00e9al (pieds chauds et t\u00eate froide) ;<br \/>\n\u2013\u00a0 s\u00e9lection du r\u00e9gime de temp\u00e9rature pour chaque pi\u00e8ce individuelle ;<br \/>\n\u2013\u00a0 id\u00e9al en termes de conception de l&rsquo;espace (pas de radiateurs)<br \/>\n\u2013\u00a0 aucun bruit ni odeur, pas de circulation de poussi\u00e8re ou autres organismes ni de temp\u00e9ratures de surface inacceptables ;<br \/>\n\u2013\u00a0 bonne capacit\u00e9 de r\u00e9gulation ;<br \/>\n\u2013\u00a0 possibilit\u00e9 de choisir un plancher, un mur ou une r\u00e9alisation combin\u00e9e.<\/p>\n<p>[\/et_pb_text][\/et_pb_column][\/et_pb_row][\/et_pb_section][et_pb_section fb_built=\u00a0\u00bb1&Prime; _builder_version=\u00a0\u00bb3.0.64&Prime;][et_pb_row make_fullwidth=\u00a0\u00bbon\u00a0\u00bb module_id=\u00a0\u00bbhigiena\u00a0\u00bb _builder_version=\u00a0\u00bb3.0.64&Prime; background_size=\u00a0\u00bbinitial\u00a0\u00bb background_position=\u00a0\u00bbtop_left\u00a0\u00bb background_repeat=\u00a0\u00bbrepeat\u00a0\u00bb][et_pb_column type=\u00a0\u00bb1_2&Prime; _builder_version=\u00a0\u00bb3.0.47&Prime; parallax=\u00a0\u00bboff\u00a0\u00bb parallax_method=\u00a0\u00bbon\u00a0\u00bb][et_pb_text _builder_version=\u00a0\u00bb3.0.64&Prime;]<\/p>\n<h2>HYGI\u00c8NE<\/h2>\n<p>La diff\u00e9rence fondamentale entre un \u00ab\u00a0radiateur\u00a0\u00bb et le chauffage au sol r\u00e9side dans le mode de transfert de la chaleur dans la pi\u00e8ce. Les chauffages au sol \u00e9mettent ou diffusent la chaleur uniform\u00e9ment tandis que les radiateurs la convertissent, c&rsquo;est-\u00e0-dire la chaleur est transmise en faisant tourbillonner l&rsquo;air. De cette fa\u00e7on, en plus de la chaleur dans la pi\u00e8ce, la poussi\u00e8re et les organismes se d\u00e9veloppent surtout sur les sols humides. La d\u00e9shumidification du chauffage au sol emp\u00eache largement le d\u00e9veloppement de ces organismes.<\/p>\n<p><strong>Par cons\u00e9quent : moins de poussi\u00e8re, moins d&rsquo;acariens, moins de bact\u00e9ries, moins d&rsquo;allergies&#8230;<\/strong><\/p>\n<p>[\/et_pb_text][\/et_pb_column][et_pb_column type=\u00a0\u00bb1_2&Prime; _builder_version=\u00a0\u00bb3.0.47&Prime; parallax=\u00a0\u00bboff\u00a0\u00bb parallax_method=\u00a0\u00bbon\u00a0\u00bb][et_pb_text _builder_version=\u00a0\u00bb3.0.64&Prime;]<\/p>\n<h2>S\u00c9CURIT\u00c9<strong>\u00a0<\/strong><\/h2>\n<p>Le syst\u00e8me fonctionne en basse tension s\u00e9curis\u00e9e \u00e0 3-48V. Les bandes chauffantes peuvent \u00eatre roul\u00e9es ou mouill\u00e9es sans cons\u00e9quence. L\u2019assainissement de toute coupure des bandes n&rsquo;est pas utile. La coupure peut \u00e9galement \u00eatre localis\u00e9e sous la chape et les rev\u00eatements de sol.<\/p>\n<p>Les valeurs du rayonnement \u00e9lectromagn\u00e9tique sont significativement inf\u00e9rieures aux niveaux autoris\u00e9s. Pour un \u00ab\u00a0plus grand confort\u00a0\u00bb, et \u00e0 la demande du client, nous ne posons pas de bande chauffante sous les lits.\u00a0<strong>Il n&rsquo;y a donc pas d&rsquo;effet nocif d\u00fb au rayonnement \u00e9lectromagn\u00e9tique !<\/strong><\/p>\n<p>[\/et_pb_text][\/et_pb_column][\/et_pb_row][\/et_pb_section][et_pb_section fb_built=\u00a0\u00bb1&Prime; background_color=\u00a0\u00bb#229f00&Prime; module_id=\u00a0\u00bbhigiena\u00a0\u00bb _builder_version=\u00a0\u00bb3.0.64&Prime; custom_padding=\u00a0\u00bb0px|0px|6px|0px\u00a0\u00bb][et_pb_row custom_padding=\u00a0\u00bb27px|0px|27px|0px\u00a0\u00bb _builder_version=\u00a0\u00bb3.0.47&Prime; background_size=\u00a0\u00bbinitial\u00a0\u00bb background_position=\u00a0\u00bbtop_left\u00a0\u00bb background_repeat=\u00a0\u00bbrepeat\u00a0\u00bb][et_pb_column type=\u00a0\u00bb4_4&Prime; _builder_version=\u00a0\u00bb3.0.47&Prime; parallax=\u00a0\u00bboff\u00a0\u00bb parallax_method=\u00a0\u00bbon\u00a0\u00bb][et_pb_text _builder_version=\u00a0\u00bb3.0.85&Prime;]<\/p>\n<h2 style=\"text-align: center;\">Effet n\u00e9gatif sur les vaisseaux sanguins ?<\/h2>\n<p style=\"text-align: center;\"><span style=\"color: #ffffff;\">Le syst\u00e8me a un corps de chauffe tr\u00e8s important avec un r\u00e9gime de temp\u00e9rature ou de fonctionnement appropri\u00e9, extr\u00eamement bas. La temp\u00e9rature au sol dans les pi\u00e8ces dans lesquelles nous restons longtemps est d&rsquo;environ 26 \u00b0 C, ce qui est inf\u00e9rieur de 10 \u00b0 C \u00e0 la temp\u00e9rature de notre corps.<\/span><\/p>\n<p style=\"text-align: center;\"><span style=\"color: #ffffff;\"><strong>\u00a0<\/strong><strong>\u00c0<\/strong><strong> basse temp\u00e9rature, le r\u00e9gime exclut compl\u00e8tement la possibilit\u00e9 d&rsquo;un effet n\u00e9gatif sur les vaisseaux sanguins !<\/strong><\/span><\/p>\n<p style=\"text-align: center;\"><span style=\"color: #ffffff;\">\u00c0 titre d\u2019illustration : si vous voulez sentir la chaleur au sol \u00e0 26 \u00baC, vous devez poser une main sur le sol et l&rsquo;autre sur le mur.<\/span><\/p>\n<p style=\"text-align: center;\"><span style=\"color: #ffffff;\">La th\u00e9orie selon laquelle le chauffage au sol pourrait avoir un effet n\u00e9gatif sur les vaisseaux sanguins s\u2019est d\u00e9velopp\u00e9e il y a des ann\u00e9es, \u00e0 l&rsquo;\u00e9poque o\u00f9 les chaudi\u00e8res \u00e9taient utilis\u00e9es pour le chauffage au sol et les radiateurs avec un r\u00e9gime de chauffage \u00e0 haute temp\u00e9rature.<\/span><\/p>\n<p>[\/et_pb_text][\/et_pb_column][\/et_pb_row][\/et_pb_section][et_pb_section fb_built=\u00a0\u00bb1&Prime; admin_label=\u00a0\u00bbsection\u00a0\u00bb _builder_version=\u00a0\u00bb3.0.47&Prime;][et_pb_row use_custom_gutter=\u00a0\u00bbon\u00a0\u00bb gutter_width=\u00a0\u00bb2&Prime; custom_padding=\u00a0\u00bb0px|0px|27px|0px\u00a0\u00bb background_position_1=\u00a0\u00bbtop_left\u00a0\u00bb background_position_2=\u00a0\u00bbtop_left\u00a0\u00bb background_repeat_1=\u00a0\u00bbno-repeat\u00a0\u00bb background_repeat_2=\u00a0\u00bbno-repeat\u00a0\u00bb admin_label=\u00a0\u00bbrow\u00a0\u00bb _builder_version=\u00a0\u00bb3.0.64&Prime; background_size=\u00a0\u00bbinitial\u00a0\u00bb background_position=\u00a0\u00bbtop_left\u00a0\u00bb background_repeat=\u00a0\u00bbrepeat\u00a0\u00bb][et_pb_column type=\u00a0\u00bb1_2&Prime; _builder_version=\u00a0\u00bb3.0.47&Prime; parallax=\u00a0\u00bboff\u00a0\u00bb parallax_method=\u00a0\u00bbon\u00a0\u00bb background_position=\u00a0\u00bbtop_left\u00a0\u00bb background_repeat=\u00a0\u00bbno-repeat\u00a0\u00bb][et_pb_text module_class=\u00a0\u00bbposlji-povprasevanje\u00a0\u00bb _builder_version=\u00a0\u00bb3.0.47&Prime; header_line_height=\u00a0\u00bb1.5em\u00a0\u00bb background_size=\u00a0\u00bbinitial\u00a0\u00bb background_position=\u00a0\u00bbtop_left\u00a0\u00bb background_repeat=\u00a0\u00bbrepeat\u00a0\u00bb custom_margin=\u00a0\u00bb||20px|\u00a0\u00bb]<\/p>\n<h1>Posez vos questions<\/h1>\n<h4>et obtenez des conseils gratuits et un premier contact chez vous.<\/h4>\n<p>&nbsp;<\/p>\n<p>[\/et_pb_text][et_pb_text _builder_version=\u00a0\u00bb3.0.47&Prime; background_size=\u00a0\u00bbinitial\u00a0\u00bb background_position=\u00a0\u00bbtop_left\u00a0\u00bb background_repeat=\u00a0\u00bbrepeat\u00a0\u00bb custom_margin=\u00a0\u00bb-30px|||\u00a0\u00bb][\/et_pb_text][et_pb_contact_form captcha=\u00a0\u00bboff\u00a0\u00bb email=\u00a0\u00bbinfo@i-eco.si, ingenius.tihomir@gmail.com\u00a0\u00bb custom_message=\u00a0\u00bbNous envoyons cette demande depuis votre page Web||et_pb_line_break_holder||Nom et pr\u00e9nom: %%name%%||et_pb_line_break_holder||Email: %%email%%||et_pb_line_break_holder||Message: %%Message%%\u00a0\u00bb use_redirect=\u00a0\u00bbon\u00a0\u00bb redirect_url=\u00a0\u00bbhttp:\/\/i-eco.si\/fr\/page-de-remerciement\u00a0\u00bb success_message=\u00a0\u00bbVotre message est envoy\u00e9 Nous r\u00e9pondrons le plus rapidement possible.\u00a0\u00bb submit_button_text=\u00a0\u00bb Envoyer\u00a0\u00bb module_id=\u00a0\u00bbet_pb_contact_form_0&Prime; _builder_version=\u00a0\u00bb3.0.85&Prime; custom_button=\u00a0\u00bbon\u00a0\u00bb][et_pb_contact_field field_id=\u00a0\u00bbName\u00a0\u00bb field_title=\u00a0\u00bbNom et pr\u00e9nom\u00a0\u00bb _builder_version=\u00a0\u00bb3.0.85&Prime;][\/et_pb_contact_field][et_pb_contact_field field_id=\u00a0\u00bbEmail\u00a0\u00bb field_title=\u00a0\u00bbEmail\u00a0\u00bb field_type=\u00a0\u00bbemail\u00a0\u00bb _builder_version=\u00a0\u00bb3.0.85&Prime;][\/et_pb_contact_field][et_pb_contact_field field_id=\u00a0\u00bbMessage\u00a0\u00bb field_title=\u00a0\u00bbMessage\u00a0\u00bb field_type=\u00a0\u00bbtext\u00a0\u00bb fullwidth_field=\u00a0\u00bbon\u00a0\u00bb _builder_version=\u00a0\u00bb3.0.85&Prime; form_field_font=\u00a0\u00bb||||\u00a0\u00bb][\/et_pb_contact_field][\/et_pb_contact_form][\/et_pb_column][et_pb_column type=\u00a0\u00bb1_2&Prime; _builder_version=\u00a0\u00bb3.0.47&Prime; parallax=\u00a0\u00bboff\u00a0\u00bb parallax_method=\u00a0\u00bbon\u00a0\u00bb background_position=\u00a0\u00bbtop_left\u00a0\u00bb background_repeat=\u00a0\u00bbno-repeat\u00a0\u00bb][et_pb_image src=\u00a0\u00bbhttps:\/\/i-eco.si\/wp-content\/uploads\/2017\/11\/hand-427504_640.png\u00a0\u00bb _builder_version=\u00a0\u00bb3.0.85&Prime; animation_style=\u00a0\u00bbslide\u00a0\u00bb animation_direction=\u00a0\u00bbleft\u00a0\u00bb animation_duration=\u00a0\u00bb500ms\u00a0\u00bb animation_intensity_slide=\u00a0\u00bb10%\u00a0\u00bb][\/et_pb_image][\/et_pb_column][\/et_pb_row][\/et_pb_section]<\/p>\n","protected":false},"excerpt":{"rendered":"<p>Pourquoi choisir le chauffage au sol i-eco? \u00c9CONOMIQUE 1 \u2013 PREMIER INVESTISSEMENT Le chauffage i-eco est l&rsquo;un des syst\u00e8mes de chauffage dit central, caract\u00e9ris\u00e9 par le fait qu&rsquo;il n&rsquo;a pas besoin de chaudi\u00e8re, de chemin\u00e9e ou d&rsquo;un espace pour le stockage de l&rsquo;\u00e9nergie. Par cons\u00e9quent, il est nettement moins cher que les syst\u00e8mes centraux. Le co\u00fbt d\u2019installation d&rsquo;une chaudi\u00e8re, d&rsquo;une chemin\u00e9e et d&rsquo;un espace pour le stockage de l&rsquo;\u00e9nergie d\u00e9passe g\u00e9n\u00e9ralement l&rsquo;investissement initial total de notre chauffage. Si vous investissez votre argent dans un syst\u00e8me photovolta\u00efque, vous vous chaufferez gratuitement. 2 \u2013 EFFICACIT\u00c9 DU CHAUFFAGE (consommation d&rsquo;\u00e9nergie) Notre chauffage ne subit aucune perte d&rsquo;\u00e9nergie typique des syst\u00e8mes centraux (pertes de la chaudi\u00e8re, perte d&rsquo;\u00e9nergie pendant le transfert du chauffage, perte de r\u00e9gulation) Le chauffage au sol a un profil de temp\u00e9rature presque id\u00e9al Le syst\u00e8me de chauffage \u00e0 grande \u00e9chelle offre un r\u00e9gime de temp\u00e9rature extr\u00eamement bas.\u00a0Le contr\u00f4le est direct et r\u00e9glable pour chaque pi\u00e8ce individuelle.\u00a0Nous remplissons ainsi toutes les conditions pour une efficacit\u00e9 \u00e9nerg\u00e9tique maximale. Avec moins d&rsquo;\u00e9nergie, vous ne pouvez tout simplement pas chauffer correctement l\u2019espace ! Les co\u00fbts de chauffage sont \u00e9galement appropri\u00e9s pour cela. 3 \u2013 \u00a0FRAIS D\u2019ENTRETIEN Entretien r\u00e9gulier :\u00a0Il n&rsquo;y a tout simplement pas [&hellip;]<\/p>\n","protected":false},"author":1,"featured_media":0,"parent":0,"menu_order":0,"comment_status":"closed","ping_status":"closed","template":"","meta":{"_et_pb_use_builder":"on","_et_pb_old_content":"","_et_gb_content_width":"","footnotes":""},"class_list":["post-29756","page","type-page","status-publish","hentry"],"_links":{"self":[{"href":"https:\/\/i-eco.si\/fr\/wp-json\/wp\/v2\/pages\/29756","targetHints":{"allow":["GET"]}}],"collection":[{"href":"https:\/\/i-eco.si\/fr\/wp-json\/wp\/v2\/pages"}],"about":[{"href":"https:\/\/i-eco.si\/fr\/wp-json\/wp\/v2\/types\/page"}],"author":[{"embeddable":true,"href":"https:\/\/i-eco.si\/fr\/wp-json\/wp\/v2\/users\/1"}],"replies":[{"embeddable":true,"href":"https:\/\/i-eco.si\/fr\/wp-json\/wp\/v2\/comments?post=29756"}],"version-history":[{"count":0,"href":"https:\/\/i-eco.si\/fr\/wp-json\/wp\/v2\/pages\/29756\/revisions"}],"wp:attachment":[{"href":"https:\/\/i-eco.si\/fr\/wp-json\/wp\/v2\/media?parent=29756"}],"curies":[{"name":"wp","href":"https:\/\/api.w.org\/{rel}","templated":true}]}}