{"id":29752,"date":"2017-05-30T17:09:12","date_gmt":"2017-05-30T17:09:12","guid":{"rendered":"https:\/\/i-eco.si\/opis-izdelka\/"},"modified":"2023-12-18T12:57:02","modified_gmt":"2023-12-18T12:57:02","slug":"description-du-produit","status":"publish","type":"page","link":"https:\/\/i-eco.si\/fr\/description-du-produit\/","title":{"rendered":"Description du produit"},"content":{"rendered":"<p>[et_pb_section fb_built=\u00a0\u00bb1&Prime; fullwidth=\u00a0\u00bbon\u00a0\u00bb _builder_version=\u00a0\u00bb4.16&Prime; background_image=\u00a0\u00bbhttps:\/\/i-eco.si\/wp-content\/uploads\/2017\/05\/Talno-gretje-Gospodarski-objekt-4.jpg\u00a0\u00bb global_colors_info=\u00a0\u00bb{}\u00a0\u00bb][et_pb_fullwidth_header content_max_width=\u00a0\u00bbnone\u00a0\u00bb _builder_version=\u00a0\u00bb4.16&Prime; background_color=\u00a0\u00bbrgba(255, 255, 255, 0)\u00a0\u00bb background_layout=\u00a0\u00bblight\u00a0\u00bb global_colors_info=\u00a0\u00bb{}\u00a0\u00bb button_one_text_size__hover_enabled=\u00a0\u00bboff\u00a0\u00bb button_two_text_size__hover_enabled=\u00a0\u00bboff\u00a0\u00bb button_one_text_color__hover_enabled=\u00a0\u00bboff\u00a0\u00bb button_two_text_color__hover_enabled=\u00a0\u00bboff\u00a0\u00bb button_one_border_width__hover_enabled=\u00a0\u00bboff\u00a0\u00bb button_two_border_width__hover_enabled=\u00a0\u00bboff\u00a0\u00bb button_one_border_color__hover_enabled=\u00a0\u00bboff\u00a0\u00bb button_two_border_color__hover_enabled=\u00a0\u00bboff\u00a0\u00bb button_one_border_radius__hover_enabled=\u00a0\u00bboff\u00a0\u00bb button_two_border_radius__hover_enabled=\u00a0\u00bboff\u00a0\u00bb button_one_letter_spacing__hover_enabled=\u00a0\u00bboff\u00a0\u00bb button_two_letter_spacing__hover_enabled=\u00a0\u00bboff\u00a0\u00bb button_one_bg_color__hover_enabled=\u00a0\u00bboff\u00a0\u00bb button_two_bg_color__hover_enabled=\u00a0\u00bboff\u00a0\u00bb][\/et_pb_fullwidth_header][et_pb_fullwidth_header title=\u00a0\u00bbDescription du produit\u00a0\u00bb subhead=\u00a0\u00bbChauffage au sol du futur\u00a0\u00bb text_orientation=\u00a0\u00bbcenter\u00a0\u00bb button_one_text=\u00a0\u00bbEnvoyer une demande\u00a0\u00bb button_one_url=\u00a0\u00bb\/kontakt\u00a0\u00bb logo_image_url=\u00a0\u00bbhttps:\/\/i-eco.si\/wp-content\/uploads\/2017\/05\/i-eco-logo.png\u00a0\u00bb _builder_version=\u00a0\u00bb4.16&Prime; title_font=\u00a0\u00bb||||||||\u00a0\u00bb title_font_size=\u00a0\u00bb45px\u00a0\u00bb content_font=\u00a0\u00bb||||||||\u00a0\u00bb content_font_size=\u00a0\u00bb40px\u00a0\u00bb subhead_font=\u00a0\u00bb||||||||\u00a0\u00bb subhead_font_size=\u00a0\u00bb29px\u00a0\u00bb background_color=\u00a0\u00bbrgba(255, 255, 255, 0)\u00a0\u00bb text_shadow_style=\u00a0\u00bbpreset1&Prime; global_colors_info=\u00a0\u00bb{}\u00a0\u00bb button_one_text_size__hover_enabled=\u00a0\u00bboff\u00a0\u00bb button_two_text_size__hover_enabled=\u00a0\u00bboff\u00a0\u00bb button_one_text_color__hover_enabled=\u00a0\u00bboff\u00a0\u00bb button_two_text_color__hover_enabled=\u00a0\u00bboff\u00a0\u00bb button_one_border_width__hover_enabled=\u00a0\u00bboff\u00a0\u00bb button_two_border_width__hover_enabled=\u00a0\u00bboff\u00a0\u00bb button_one_border_color__hover_enabled=\u00a0\u00bboff\u00a0\u00bb button_two_border_color__hover_enabled=\u00a0\u00bboff\u00a0\u00bb button_one_border_radius__hover_enabled=\u00a0\u00bboff\u00a0\u00bb button_two_border_radius__hover_enabled=\u00a0\u00bboff\u00a0\u00bb button_one_letter_spacing__hover_enabled=\u00a0\u00bboff\u00a0\u00bb button_two_letter_spacing__hover_enabled=\u00a0\u00bboff\u00a0\u00bb button_one_bg_color__hover_enabled=\u00a0\u00bboff\u00a0\u00bb button_two_bg_color__hover_enabled=\u00a0\u00bboff\u00a0\u00bb][\/et_pb_fullwidth_header][\/et_pb_section][et_pb_section fb_built=\u00a0\u00bb1&Prime; _builder_version=\u00a0\u00bb4.16&Prime; global_colors_info=\u00a0\u00bb{}\u00a0\u00bb][et_pb_row _builder_version=\u00a0\u00bb4.16&Prime; global_colors_info=\u00a0\u00bb{}\u00a0\u00bb][et_pb_column type=\u00a0\u00bb4_4&Prime; _builder_version=\u00a0\u00bb4.16&Prime; custom_padding=\u00a0\u00bb|||\u00a0\u00bb global_colors_info=\u00a0\u00bb{}\u00a0\u00bb custom_padding__hover=\u00a0\u00bb|||\u00a0\u00bb][et_pb_text _builder_version=\u00a0\u00bb4.16&Prime; global_colors_info=\u00a0\u00bb{}\u00a0\u00bb]<\/p>\n<p>\u00a0<\/p>\n<h2 style=\"text-align: center;\">DESCRIPTION DU PRODUIT ET CARACT\u00c9RISTIQUES TECHNIQUES<\/h2>\n<p>\u00a0<\/p>\n<p>Le produit se compose d&rsquo;une unit\u00e9 d&rsquo;alimentation, d&rsquo;un syst\u00e8me de chauffage et d&rsquo;un r\u00e9gulateur (thermostat).<\/p>\n<p>L&rsquo;ensemble de l&rsquo;alimentation est fourni dans un bo\u00eetier en acier prot\u00e9g\u00e9 contre la corrosion et les charges m\u00e9caniques conventionnelles. Habituellement, un interrupteur encastr\u00e9 est install\u00e9 pr\u00e8s de l&rsquo;armoire \u00e9lectrique. Seul le couvercle est visible.<\/p>\n<p>Le corps de chauffe de ce syst\u00e8me est constitu\u00e9 de bandes d&rsquo;aluminium isol\u00e9es d&rsquo;une largeur de 6, 8, 12 ou 17 cm et d&rsquo;une \u00e9paisseur de 0,2 mm. Elles sont d\u00e9pos\u00e9es sous ou sur des chapes dans le sol, ou sous des panneaux de gypse ou de pl\u00e2tre dans une conception murale et sont fournis avec une alimentation basse tension transform\u00e9e (de 3 V \u00e0 48 V).<\/p>\n<p>Le film chauffant peut \u00e9galement \u00eatre pos\u00e9 sur des rev\u00eatements de sol existants.<\/p>\n<p>\u00a0<\/p>\n<h2 style=\"text-align: center;\">Calculateur de puissance<\/h2>\n<p>\u00a0<\/p>\n<p>La puissance de l&rsquo;unit\u00e9 d&rsquo;alimentation est d\u00e9termin\u00e9e par les pertes de chaleur de l&rsquo;espace qu&rsquo;elle couvre.\u00a0<\/p>\n<p>Les dimensions de la bande chauffante d\u00e9pendent de la puissance calorifique sp\u00e9cifique souhait\u00e9e (W\/m<sup>2<\/sup>) du chauffage.\u00a0<\/p>\n<p>La puissance calorifique sp\u00e9cifique est limit\u00e9e par la temp\u00e9rature du sol recommand\u00e9e dans les pi\u00e8ces individuelles. Elle s\u2019\u00e9l\u00e8ve \u00e0 :<br \/> 23\u201328\u00b0 C\u00a0 pour l\u2019espace de vie (\u00e9mission de chaleur sp\u00e9cifique 30 \u201380W\/m<sup>2<\/sup>)<br \/> 28\u201332\u00b0 C\u00a0 pour les salles de bains ou les zones en bordure, le long des murs ext\u00e9rieurs ou sous les surfaces en verre (\u00e9mission de chaleur sp\u00e9cifique 80\u2013120\u00a0W\/m<sup>2<\/sup>)<br \/> Pour chauffer les espaces ouverts (terrasses, balcons, lecteurs), nous pr\u00e9voyons<br \/> 80\u2013150\u00a0W\/m<sup>2<\/sup><br \/> Si les pertes de chaleur de l\u2019espace ferm\u00e9 n\u00e9cessitent une puissance sp\u00e9cifique sup\u00e9rieure \u00e0 celle recommand\u00e9e, elle peut \u00eatre remplac\u00e9e par une conception murale ou par d\u00e9rivation sur la surface passive du plancher.<\/p>\n<p>\u00a0<\/p>\n<h2 style=\"text-align: center;\">R\u00e9gulation<\/h2>\n<p>La r\u00e9gulation est effectu\u00e9e par l\u2019interm\u00e9diaire d\u2019un thermostat d&rsquo;ambiance num\u00e9rique r\u00e9glable et pour chaque pi\u00e8ce individuelle. \u00a0Nous proposons \u00e9galement un contr\u00f4le \u00e0 distance.<\/p>\n<p>\u00a0<\/p>\n<h2>Chauffage I-ECO &#8211; donn\u00e9es techniques<\/h2>\n<p>\u00a0<\/p>\n<table width=\"2067\">\n<tbody>\n<tr>\n<td width=\"543\">\n<p><span>Corps de chauffe<\/span><\/p>\n<\/td>\n<td width=\"1524\">\n<p><span>Bandes isolantes AL<\/span><\/p>\n<\/td>\n<\/tr>\n<tr>\n<td width=\"543\">\n<p><span>Alimentation<\/span><\/p>\n<\/td>\n<td width=\"1524\">\n<p><span>3\u201348\u00a0V (possibilit\u00e9 de raccordement \u00e0 d&rsquo;autres sources d&rsquo;\u00e9nergie)<\/span><\/p>\n<\/td>\n<\/tr>\n<tr>\n<td width=\"543\">\n<p><span>Couverture du plancher chauffant<\/span><\/p>\n<\/td>\n<td width=\"1524\">\n<p><span>jusqu\u2019\u00e0 80\u00a0% de la surface<\/span><\/p>\n<\/td>\n<\/tr>\n<tr>\n<td width=\"543\">\n<p><span>Puissance sp\u00e9cifique<\/span><\/p>\n<\/td>\n<td width=\"1524\">\n<p><span>Apr\u00e8s calcul, ou selon le besoin<\/span><\/p>\n<\/td>\n<\/tr>\n<tr>\n<td width=\"543\"><\/td>\n<td width=\"1524\">\n<p><span>\u00a0<\/span><\/p>\n<\/td>\n<\/tr>\n<tr>\n<td width=\"543\">\n<p><span>Temp\u00e9rature au sol<\/span><\/p>\n<\/td>\n<td width=\"1524\">\n<p><span>23\u201328\u00b0 C, salles de bains 32\u00b0 C (selon la pr\u00e9f\u00e9rence )<\/span><\/p>\n<\/td>\n<\/tr>\n<tr>\n<td width=\"543\">\n<p><span>Syst\u00e8me d\u2019alimentation<\/span><\/p>\n<\/td>\n<td width=\"1524\">\n<p><span>220\u2013230\u00a0V, 50\u201360\u00a0Hz<\/span><\/p>\n<\/td>\n<\/tr>\n<tr>\n<td width=\"543\">\n<p><span>Consommation de courant maximale<\/span><\/p>\n<\/td>\n<td width=\"1524\">\n<p><span>12\u00a0A<\/span><\/p>\n<\/td>\n<\/tr>\n<tr>\n<td width=\"543\">\n<p><span>R\u00e9gulation<\/span><\/p>\n<\/td>\n<td width=\"1524\">\n<p><span>R\u00e9glage dans chaque pi\u00e8ce, stationnaire ou \u00e0 distance<\/span><\/p>\n<\/td>\n<\/tr>\n<tr>\n<td width=\"543\">\n<p><span>Protection<\/span><\/p>\n<\/td>\n<td width=\"1524\">\n<p><span>OF, F1 + F2, d\u00e9marrage progressif<\/span><\/p>\n<\/td>\n<\/tr>\n<tr>\n<td width=\"543\">\n<p><span>Protection du corps de chauffe<\/span><\/p>\n<\/td>\n<td width=\"1524\">\n<p><span>chimique, m\u00e9canique<\/span><\/p>\n<\/td>\n<\/tr>\n<tr>\n<td width=\"543\">\n<p><span>P\u00e9riode de garantie<\/span><\/p>\n<\/td>\n<td width=\"1524\">\n<p><span>bandes chauffantes 20 ans, circuit \u00e9lectronique 7\u00a0ans<\/span><\/p>\n<\/td>\n<\/tr>\n<tr>\n<td width=\"543\">\n<p><span>Rev\u00eatements de sol<\/span><\/p>\n<\/td>\n<td width=\"1524\">\n<p><span>tous types<\/span><\/p>\n<\/td>\n<\/tr>\n<tr>\n<td width=\"543\">\n<p><span>R\u00e9alisation<\/span><\/p>\n<\/td>\n<td width=\"1524\">\n<p><span>au sol, murale ou combin\u00e9e<\/span><\/p>\n<\/td>\n<\/tr>\n<tr>\n<td width=\"543\">\n<p><span>Chape<\/span><\/p>\n<\/td>\n<td width=\"1524\">\n<p><span>humide ou s\u00e8che<\/span><\/p>\n<\/td>\n<\/tr>\n<tr>\n<td width=\"543\">\n<p><span>\u00a0<\/span><\/p>\n<\/td>\n<td width=\"1524\">\n<p><span>\u00a0<\/span><\/p>\n<\/td>\n<\/tr>\n<tr>\n<td width=\"543\">\n<p><span>\u00e9dit\u00e9 par :<\/span><\/p>\n<\/td>\n<td width=\"1524\">\n<p><span>SIQ, Institut slov\u00e8ne de la qualit\u00e9 et de la m\u00e9trologie,<br \/> Tr\u017ea\u0161ka\u00a0cesta\u00a02, SI\u20131000\u00a0Ljubljana<\/span><\/p>\n<\/td>\n<\/tr>\n<\/tbody>\n<\/table>\n<p>[\/et_pb_text][\/et_pb_column][\/et_pb_row][\/et_pb_section][et_pb_section fb_built=\u00a0\u00bb1&Prime; _builder_version=\u00a0\u00bb4.16&Prime; background_color=\u00a0\u00bb#e2e2e2&Prime; custom_padding=\u00a0\u00bb0px|0px|54px|0px\u00a0\u00bb global_colors_info=\u00a0\u00bb{}\u00a0\u00bb][et_pb_row _builder_version=\u00a0\u00bb4.16&Prime; global_colors_info=\u00a0\u00bb{}\u00a0\u00bb][et_pb_column type=\u00a0\u00bb4_4&Prime; _builder_version=\u00a0\u00bb4.16&Prime; custom_padding=\u00a0\u00bb|||\u00a0\u00bb global_colors_info=\u00a0\u00bb{}\u00a0\u00bb custom_padding__hover=\u00a0\u00bb|||\u00a0\u00bb][et_pb_text _builder_version=\u00a0\u00bb4.16&Prime; global_colors_info=\u00a0\u00bb{}\u00a0\u00bb][\/et_pb_text][et_pb_text _builder_version=\u00a0\u00bb4.16&Prime; global_colors_info=\u00a0\u00bb{}\u00a0\u00bb]<\/p>\n<h2 style=\"text-align: center;\">INSTALLATION<\/h2>\n<p>[\/et_pb_text][\/et_pb_column][\/et_pb_row][et_pb_row column_structure=\u00a0\u00bb1_3,1_3,1_3&Prime; module_class=\u00a0\u00bb et_pb_row_fullwidth\u00a0\u00bb _builder_version=\u00a0\u00bb4.16&Prime; width=\u00a0\u00bb89%\u00a0\u00bb width_tablet=\u00a0\u00bb80%\u00a0\u00bb width_phone=\u00a0\u00bb\u00a0\u00bb width_last_edited=\u00a0\u00bbon|desktop\u00a0\u00bb max_width=\u00a0\u00bb89%\u00a0\u00bb max_width_tablet=\u00a0\u00bb80%\u00a0\u00bb max_width_phone=\u00a0\u00bb\u00a0\u00bb max_width_last_edited=\u00a0\u00bbon|desktop\u00a0\u00bb make_fullwidth=\u00a0\u00bbon\u00a0\u00bb global_colors_info=\u00a0\u00bb{}\u00a0\u00bb][et_pb_column type=\u00a0\u00bb1_3&Prime; _builder_version=\u00a0\u00bb4.16&Prime; custom_padding=\u00a0\u00bb|||\u00a0\u00bb global_colors_info=\u00a0\u00bb{}\u00a0\u00bb custom_padding__hover=\u00a0\u00bb|||\u00a0\u00bb][et_pb_text _builder_version=\u00a0\u00bb4.16&Prime; global_colors_info=\u00a0\u00bb{}\u00a0\u00bb]<\/p>\n<p><strong>Version de plancher:<\/strong><\/p>\n<p>Les bandes chauffantes sont g\u00e9n\u00e9ralement pos\u00e9es sous les chapes. sur l&rsquo;isolation, mais pas moins efficace si elles sont pos\u00e9es sur des chapes ou sous des rev\u00eatements de sol. Le niveau du sol est \u00e9lev\u00e9 seulement de 0.4mm.<br \/>Bien que cela puisse sembler \u00e9trange, nous avons \u00e9galement mis les sangles sur les rev\u00eatements de sol existants (version mobile). La seule condition est qu&rsquo;ils sont couverts de quelque chose en raison de l&rsquo;effet visuel. Vous pouvez utiliser n&rsquo;importe quoi: plancher chaud, stratifi\u00e9, caoutchouc, tapis, plaques de pl\u00e2tre, gazon artificiel, etc. Bien s\u00fbr, vous pouvez \u00e9galement utiliser de la c\u00e9ramique ou de la pierre, si le rev\u00eatement de sol existant le permet.<br \/>Par cons\u00e9quent, les bandes chauffantes permettent des chapes s\u00e8ches et humides et tous les types de rev\u00eatements de sol. Vous serez r\u00e9chauff\u00e9 partout o\u00f9 vous les placez.<\/p>\n<p>Utilisez des mat\u00e9riaux \u00ab\u00a0hydrostop\u00a0\u00bb pour prot\u00e9ger le ruban chauffant.<\/p>\n<p><span style=\"font-size: 14px;\">.<\/span><\/p>\n<p>[\/et_pb_text][\/et_pb_column][et_pb_column type=\u00a0\u00bb1_3&Prime; _builder_version=\u00a0\u00bb4.16&Prime; custom_padding=\u00a0\u00bb|||\u00a0\u00bb global_colors_info=\u00a0\u00bb{}\u00a0\u00bb custom_padding__hover=\u00a0\u00bb|||\u00a0\u00bb][et_pb_text _builder_version=\u00a0\u00bb4.16&Prime; global_colors_info=\u00a0\u00bb{}\u00a0\u00bb]<\/p>\n<p><strong>Construction de mur:<\/strong><\/p>\n<p>Dans le cas d&rsquo;un montage mural, les options de montage sont illimit\u00e9es. Les bandes peuvent \u00eatre plac\u00e9es sous ou au-dessus du pl\u00e2tre. Il est seulement important qu&rsquo;il y ait un joint thermique pour chauffer les corps (de l&rsquo;ext\u00e9rieur ou \u00e0 l&rsquo;int\u00e9rieur du mur), sinon de la chaleur appara\u00eetra.<br \/>Lors de l&rsquo;adaptation au mur, nous pla\u00e7ons g\u00e9n\u00e9ralement une couche d&rsquo;isolation, en y fixant les bandes chauffantes (jusqu&rsquo;\u00e0 180-200 cm) et en les recouvrant toutes de plaques de pl\u00e2tre. Si les murs sont trop coupables d&rsquo;une telle intervention, nous les alignons avec des profils en Al. Dans tous les cas, la proc\u00e9dure n&rsquo;est pas trop exigeante. Avec un peu d&rsquo;effort, vous pouvez obtenir le chauffage \u00e9quivalent \u00e0 l&rsquo;\u00e9tage.<br \/>Une conception de plafond est \u00e9galement possible.<\/p>\n<p>[\/et_pb_text][\/et_pb_column][et_pb_column type=\u00a0\u00bb1_3&Prime; _builder_version=\u00a0\u00bb4.16&Prime; custom_padding=\u00a0\u00bb|||\u00a0\u00bb global_colors_info=\u00a0\u00bb{}\u00a0\u00bb custom_padding__hover=\u00a0\u00bb|||\u00a0\u00bb][et_pb_text _builder_version=\u00a0\u00bb4.16&Prime; global_colors_info=\u00a0\u00bb{}\u00a0\u00bb]<\/p>\n<p><strong>Circuit \u00e9lectronique:<\/strong><\/p>\n<p>Il est g\u00e9n\u00e9ralement install\u00e9 dans le mur, de sorte qu&rsquo;apr\u00e8s l&rsquo;installation, seule la couverture est visible. assemblages et thermostats, mais diff\u00e9rentes solutions sont \u00e9galement possibles. Les dimensions du bo\u00eetier sont 22x35x10 ou 35x35x10. Il n&rsquo;est pas n\u00e9cessaire d&rsquo;installer un assemblage ou des assemblages \u00e9lectroniques dans une pi\u00e8ce chauff\u00e9e. Les utilisateurs choisissent le plus souvent d&rsquo;installer dans le couloir. Dans les autres pi\u00e8ces, seuls les thermostats sont laiss\u00e9s.<\/p>\n<p>[\/et_pb_text][\/et_pb_column][\/et_pb_row][\/et_pb_section][et_pb_section fb_built=\u00a0\u00bb1&Prime; admin_label=\u00a0\u00bbsection\u00a0\u00bb _builder_version=\u00a0\u00bb4.16&Prime; custom_padding=\u00a0\u00bb0px|0px|0px|0px\u00a0\u00bb global_colors_info=\u00a0\u00bb{}\u00a0\u00bb][\/et_pb_section][et_pb_section fb_built=\u00a0\u00bb1&Prime; admin_label=\u00a0\u00bbsection\u00a0\u00bb _builder_version=\u00a0\u00bb4.16&Prime; global_colors_info=\u00a0\u00bb{}\u00a0\u00bb][et_pb_row column_structure=\u00a0\u00bb1_2,1_2&Prime; use_custom_gutter=\u00a0\u00bbon\u00a0\u00bb gutter_width=\u00a0\u00bb2&Prime; admin_label=\u00a0\u00bbrow\u00a0\u00bb _builder_version=\u00a0\u00bb4.16&Prime; background_size=\u00a0\u00bbinitial\u00a0\u00bb background_position=\u00a0\u00bbtop_left\u00a0\u00bb background_repeat=\u00a0\u00bbrepeat\u00a0\u00bb custom_padding=\u00a0\u00bb0px|0px|27px|0px\u00a0\u00bb global_colors_info=\u00a0\u00bb{}\u00a0\u00bb][et_pb_column type=\u00a0\u00bb1_2&Prime; _builder_version=\u00a0\u00bb4.16&Prime; background_position=\u00a0\u00bbtop_left\u00a0\u00bb custom_padding=\u00a0\u00bb|||\u00a0\u00bb global_colors_info=\u00a0\u00bb{}\u00a0\u00bb custom_padding__hover=\u00a0\u00bb|||\u00a0\u00bb][et_pb_text module_class=\u00a0\u00bbposlji-povprasevanje\u00a0\u00bb _builder_version=\u00a0\u00bb4.16&Prime; header_line_height=\u00a0\u00bb1.5em\u00a0\u00bb background_size=\u00a0\u00bbinitial\u00a0\u00bb background_position=\u00a0\u00bbtop_left\u00a0\u00bb background_repeat=\u00a0\u00bbrepeat\u00a0\u00bb custom_margin=\u00a0\u00bb||20px|\u00a0\u00bb global_colors_info=\u00a0\u00bb{}\u00a0\u00bb]<\/p>\n<h1>Posez vos questions<\/h1>\n<h4>et obtenez des conseils gratuits et un premier contact chez vous.<\/h4>\n<p>\u00a0<\/p>\n<p>[\/et_pb_text][et_pb_text _builder_version=\u00a0\u00bb4.16&Prime; background_size=\u00a0\u00bbinitial\u00a0\u00bb background_position=\u00a0\u00bbtop_left\u00a0\u00bb background_repeat=\u00a0\u00bbrepeat\u00a0\u00bb custom_margin=\u00a0\u00bb-30px|||\u00a0\u00bb global_colors_info=\u00a0\u00bb{}\u00a0\u00bb][\/et_pb_text][et_pb_contact_form captcha=\u00a0\u00bboff\u00a0\u00bb email=\u00a0\u00bbinfo@i-eco.si, ingenius.tihomir@gmail.com\u00a0\u00bb custom_message=\u00a0\u00bbNous envoyons cette demande depuis votre page Web||et_pb_line_break_holder||Nom et pr\u00e9nom: %%name%%||et_pb_line_break_holder||Email: %%email%%||et_pb_line_break_holder||Message: %%Message%%\u00a0\u00bb use_redirect=\u00a0\u00bbon\u00a0\u00bb redirect_url=\u00a0\u00bbhttps:\/\/i-eco.si\/fr\/page-de-remerciement\u00a0\u00bb success_message=\u00a0\u00bbVotre message est envoy\u00e9 Nous r\u00e9pondrons le plus rapidement possible.\u00a0\u00bb submit_button_text=\u00a0\u00bbEnvoyer\u00a0\u00bb module_id=\u00a0\u00bbet_pb_contact_form_0&Prime; _builder_version=\u00a0\u00bb4.16&Prime; _unique_id=\u00a0\u00bb1ad9245f-80f3-4aee-bfbb-48c3c049aad9&Prime; custom_button=\u00a0\u00bbon\u00a0\u00bb global_colors_info=\u00a0\u00bb{}\u00a0\u00bb][et_pb_contact_field field_id=\u00a0\u00bbName\u00a0\u00bb field_title=\u00a0\u00bbNom et pr\u00e9nom\u00a0\u00bb _builder_version=\u00a0\u00bb4.16&Prime; global_colors_info=\u00a0\u00bb{}\u00a0\u00bb button_text_size__hover_enabled=\u00a0\u00bboff\u00a0\u00bb button_one_text_size__hover_enabled=\u00a0\u00bboff\u00a0\u00bb button_two_text_size__hover_enabled=\u00a0\u00bboff\u00a0\u00bb button_text_color__hover_enabled=\u00a0\u00bboff\u00a0\u00bb button_one_text_color__hover_enabled=\u00a0\u00bboff\u00a0\u00bb button_two_text_color__hover_enabled=\u00a0\u00bboff\u00a0\u00bb button_border_width__hover_enabled=\u00a0\u00bboff\u00a0\u00bb button_one_border_width__hover_enabled=\u00a0\u00bboff\u00a0\u00bb button_two_border_width__hover_enabled=\u00a0\u00bboff\u00a0\u00bb button_border_color__hover_enabled=\u00a0\u00bboff\u00a0\u00bb button_one_border_color__hover_enabled=\u00a0\u00bboff\u00a0\u00bb button_two_border_color__hover_enabled=\u00a0\u00bboff\u00a0\u00bb button_border_radius__hover_enabled=\u00a0\u00bboff\u00a0\u00bb button_one_border_radius__hover_enabled=\u00a0\u00bboff\u00a0\u00bb button_two_border_radius__hover_enabled=\u00a0\u00bboff\u00a0\u00bb button_letter_spacing__hover_enabled=\u00a0\u00bboff\u00a0\u00bb button_one_letter_spacing__hover_enabled=\u00a0\u00bboff\u00a0\u00bb button_two_letter_spacing__hover_enabled=\u00a0\u00bboff\u00a0\u00bb button_bg_color__hover_enabled=\u00a0\u00bboff\u00a0\u00bb button_one_bg_color__hover_enabled=\u00a0\u00bboff\u00a0\u00bb button_two_bg_color__hover_enabled=\u00a0\u00bboff\u00a0\u00bb][\/et_pb_contact_field][et_pb_contact_field field_id=\u00a0\u00bbEmail\u00a0\u00bb field_title=\u00a0\u00bbEmail\u00a0\u00bb field_type=\u00a0\u00bbemail\u00a0\u00bb _builder_version=\u00a0\u00bb4.16&Prime; global_colors_info=\u00a0\u00bb{}\u00a0\u00bb button_text_size__hover_enabled=\u00a0\u00bboff\u00a0\u00bb button_one_text_size__hover_enabled=\u00a0\u00bboff\u00a0\u00bb button_two_text_size__hover_enabled=\u00a0\u00bboff\u00a0\u00bb button_text_color__hover_enabled=\u00a0\u00bboff\u00a0\u00bb button_one_text_color__hover_enabled=\u00a0\u00bboff\u00a0\u00bb button_two_text_color__hover_enabled=\u00a0\u00bboff\u00a0\u00bb button_border_width__hover_enabled=\u00a0\u00bboff\u00a0\u00bb button_one_border_width__hover_enabled=\u00a0\u00bboff\u00a0\u00bb button_two_border_width__hover_enabled=\u00a0\u00bboff\u00a0\u00bb button_border_color__hover_enabled=\u00a0\u00bboff\u00a0\u00bb button_one_border_color__hover_enabled=\u00a0\u00bboff\u00a0\u00bb button_two_border_color__hover_enabled=\u00a0\u00bboff\u00a0\u00bb button_border_radius__hover_enabled=\u00a0\u00bboff\u00a0\u00bb button_one_border_radius__hover_enabled=\u00a0\u00bboff\u00a0\u00bb button_two_border_radius__hover_enabled=\u00a0\u00bboff\u00a0\u00bb button_letter_spacing__hover_enabled=\u00a0\u00bboff\u00a0\u00bb button_one_letter_spacing__hover_enabled=\u00a0\u00bboff\u00a0\u00bb button_two_letter_spacing__hover_enabled=\u00a0\u00bboff\u00a0\u00bb button_bg_color__hover_enabled=\u00a0\u00bboff\u00a0\u00bb button_one_bg_color__hover_enabled=\u00a0\u00bboff\u00a0\u00bb button_two_bg_color__hover_enabled=\u00a0\u00bboff\u00a0\u00bb][\/et_pb_contact_field][et_pb_contact_field field_id=\u00a0\u00bbMessage\u00a0\u00bb field_title=\u00a0\u00bbMessage\u00a0\u00bb field_type=\u00a0\u00bbtext\u00a0\u00bb fullwidth_field=\u00a0\u00bbon\u00a0\u00bb _builder_version=\u00a0\u00bb4.16&Prime; form_field_font=\u00a0\u00bb||||\u00a0\u00bb global_colors_info=\u00a0\u00bb{}\u00a0\u00bb button_text_size__hover_enabled=\u00a0\u00bboff\u00a0\u00bb button_one_text_size__hover_enabled=\u00a0\u00bboff\u00a0\u00bb button_two_text_size__hover_enabled=\u00a0\u00bboff\u00a0\u00bb button_text_color__hover_enabled=\u00a0\u00bboff\u00a0\u00bb button_one_text_color__hover_enabled=\u00a0\u00bboff\u00a0\u00bb button_two_text_color__hover_enabled=\u00a0\u00bboff\u00a0\u00bb button_border_width__hover_enabled=\u00a0\u00bboff\u00a0\u00bb button_one_border_width__hover_enabled=\u00a0\u00bboff\u00a0\u00bb button_two_border_width__hover_enabled=\u00a0\u00bboff\u00a0\u00bb button_border_color__hover_enabled=\u00a0\u00bboff\u00a0\u00bb button_one_border_color__hover_enabled=\u00a0\u00bboff\u00a0\u00bb button_two_border_color__hover_enabled=\u00a0\u00bboff\u00a0\u00bb button_border_radius__hover_enabled=\u00a0\u00bboff\u00a0\u00bb button_one_border_radius__hover_enabled=\u00a0\u00bboff\u00a0\u00bb button_two_border_radius__hover_enabled=\u00a0\u00bboff\u00a0\u00bb button_letter_spacing__hover_enabled=\u00a0\u00bboff\u00a0\u00bb button_one_letter_spacing__hover_enabled=\u00a0\u00bboff\u00a0\u00bb button_two_letter_spacing__hover_enabled=\u00a0\u00bboff\u00a0\u00bb button_bg_color__hover_enabled=\u00a0\u00bboff\u00a0\u00bb button_one_bg_color__hover_enabled=\u00a0\u00bboff\u00a0\u00bb button_two_bg_color__hover_enabled=\u00a0\u00bboff\u00a0\u00bb][\/et_pb_contact_field][\/et_pb_contact_form][\/et_pb_column][et_pb_column type=\u00a0\u00bb1_2&Prime; _builder_version=\u00a0\u00bb4.16&Prime; background_position=\u00a0\u00bbtop_left\u00a0\u00bb custom_padding=\u00a0\u00bb|||\u00a0\u00bb global_colors_info=\u00a0\u00bb{}\u00a0\u00bb custom_padding__hover=\u00a0\u00bb|||\u00a0\u00bb][et_pb_image src=\u00a0\u00bbhttps:\/\/i-eco.si\/wp-content\/uploads\/2017\/05\/hand-427504_640.png\u00a0\u00bb align_tablet=\u00a0\u00bbcenter\u00a0\u00bb align_phone=\u00a0\u00bb\u00a0\u00bb align_last_edited=\u00a0\u00bbon|desktop\u00a0\u00bb _builder_version=\u00a0\u00bb4.16&Prime; animation_style=\u00a0\u00bbslide\u00a0\u00bb animation_direction=\u00a0\u00bbleft\u00a0\u00bb animation_duration=\u00a0\u00bb500ms\u00a0\u00bb animation_intensity_slide=\u00a0\u00bb10%\u00a0\u00bb global_colors_info=\u00a0\u00bb{}\u00a0\u00bb][\/et_pb_image][\/et_pb_column][\/et_pb_row][\/et_pb_section]<\/p>\n","protected":false},"excerpt":{"rendered":"<p>\u00a0 DESCRIPTION DU PRODUIT ET CARACT\u00c9RISTIQUES TECHNIQUES \u00a0 Le produit se compose d&rsquo;une unit\u00e9 d&rsquo;alimentation, d&rsquo;un syst\u00e8me de chauffage et d&rsquo;un r\u00e9gulateur (thermostat). L&rsquo;ensemble de l&rsquo;alimentation est fourni dans un bo\u00eetier en acier prot\u00e9g\u00e9 contre la corrosion et les charges m\u00e9caniques conventionnelles. Habituellement, un interrupteur encastr\u00e9 est install\u00e9 pr\u00e8s de l&rsquo;armoire \u00e9lectrique. Seul le couvercle est visible. Le corps de chauffe de ce syst\u00e8me est constitu\u00e9 de bandes d&rsquo;aluminium isol\u00e9es d&rsquo;une largeur de 6, 8, 12 ou 17 cm et d&rsquo;une \u00e9paisseur de 0,2 mm. Elles sont d\u00e9pos\u00e9es sous ou sur des chapes dans le sol, ou sous des panneaux de gypse ou de pl\u00e2tre dans une conception murale et sont fournis avec une alimentation basse tension transform\u00e9e (de 3 V \u00e0 48 V). Le film chauffant peut \u00e9galement \u00eatre pos\u00e9 sur des rev\u00eatements de sol existants. \u00a0 Calculateur de puissance \u00a0 La puissance de l&rsquo;unit\u00e9 d&rsquo;alimentation est d\u00e9termin\u00e9e par les pertes de chaleur de l&rsquo;espace qu&rsquo;elle couvre.\u00a0 Les dimensions de la bande chauffante d\u00e9pendent de la puissance calorifique sp\u00e9cifique souhait\u00e9e (W\/m2) du chauffage.\u00a0 La puissance calorifique sp\u00e9cifique est limit\u00e9e par la temp\u00e9rature du sol recommand\u00e9e dans les pi\u00e8ces individuelles. Elle s\u2019\u00e9l\u00e8ve \u00e0 : 23\u201328\u00b0 C\u00a0 pour l\u2019espace de vie [&hellip;]<\/p>\n","protected":false},"author":1,"featured_media":0,"parent":0,"menu_order":0,"comment_status":"closed","ping_status":"closed","template":"","meta":{"_et_pb_use_builder":"on","_et_pb_old_content":"","_et_gb_content_width":"","footnotes":""},"class_list":["post-29752","page","type-page","status-publish","hentry"],"_links":{"self":[{"href":"https:\/\/i-eco.si\/fr\/wp-json\/wp\/v2\/pages\/29752","targetHints":{"allow":["GET"]}}],"collection":[{"href":"https:\/\/i-eco.si\/fr\/wp-json\/wp\/v2\/pages"}],"about":[{"href":"https:\/\/i-eco.si\/fr\/wp-json\/wp\/v2\/types\/page"}],"author":[{"embeddable":true,"href":"https:\/\/i-eco.si\/fr\/wp-json\/wp\/v2\/users\/1"}],"replies":[{"embeddable":true,"href":"https:\/\/i-eco.si\/fr\/wp-json\/wp\/v2\/comments?post=29752"}],"version-history":[{"count":0,"href":"https:\/\/i-eco.si\/fr\/wp-json\/wp\/v2\/pages\/29752\/revisions"}],"wp:attachment":[{"href":"https:\/\/i-eco.si\/fr\/wp-json\/wp\/v2\/media?parent=29752"}],"curies":[{"name":"wp","href":"https:\/\/api.w.org\/{rel}","templated":true}]}}