{"id":29738,"date":"2017-08-27T08:23:07","date_gmt":"2017-08-27T08:23:07","guid":{"rendered":"https:\/\/i-eco.si\/ekonomicnost-2\/"},"modified":"2017-08-27T08:23:07","modified_gmt":"2017-08-27T08:23:07","slug":"ekonomicnost-2","status":"publish","type":"page","link":"https:\/\/i-eco.si\/fr\/ekonomicnost-2\/","title":{"rendered":"Ekonomi\u010dnost"},"content":{"rendered":"<p>[et_pb_section fb_built=\u00a0\u00bb1&Prime; _builder_version=\u00a0\u00bb3.0.47&Prime;][et_pb_row _builder_version=\u00a0\u00bb3.0.64&Prime;][et_pb_column type=\u00a0\u00bb4_4&Prime; _builder_version=\u00a0\u00bb3.0.64&Prime; parallax=\u00a0\u00bboff\u00a0\u00bb parallax_method=\u00a0\u00bbon\u00a0\u00bb][et_pb_text _builder_version=\u00a0\u00bb3.0.64&Prime;]<\/p>\n<h1 style=\"text-align: center;\">EKONOMI\u010cNOST<\/h1>\n<p>[\/et_pb_text][et_pb_text _builder_version=\u00a0\u00bb3.0.64&Prime;]<\/p>\n<p>Poceni energenta trenutno ni, niti ga lahko pri\u010dakujemo v bli\u017enji prihodnosti.<br \/> V obdobju raznih &scaron;pekulacij na trgu je iluzorno pri\u010dakovati da bi nam izbira dolo\u010denega energenta, dolgoro\u010dno prinesla, omembe vredne prihranke. Trenutni trg fosilnih energentov je dober primer.<br \/> Torej, zagotovo je le to da se bodo poceni greli le tisti ki \u017eivijo v objektih z visoko stopnjo toplotne izoliranosti in imajo zmerne ogrevalne navade.<br \/> Znal bi pomagati tudi zanesljiv in visoko u\u010dinkovit ogrevalni sistem z mo\u017enostjo enostavnega priklopa na alternativne vire energije.<\/p>\n<p>&nbsp;<\/p>\n<p>[\/et_pb_text][\/et_pb_column][\/et_pb_row][et_pb_row _builder_version=\u00a0\u00bb3.0.47&Prime; background_size=\u00a0\u00bbinitial\u00a0\u00bb background_position=\u00a0\u00bbtop_left\u00a0\u00bb background_repeat=\u00a0\u00bbrepeat\u00a0\u00bb][et_pb_column type=\u00a0\u00bb1_2&Prime; _builder_version=\u00a0\u00bb3.0.47&Prime; parallax=\u00a0\u00bboff\u00a0\u00bb parallax_method=\u00a0\u00bbon\u00a0\u00bb][et_pb_text _builder_version=\u00a0\u00bb3.0.64&Prime;]<\/p>\n<h2>ZA\u010cETNA INVESTICIJA<\/h2>\n<p>Ogrevanje I-eco spada med takoimenovana lokalna ogrevanja za katera je zna\u010dilno da ne potrebujejo kurilnice, dimnika ali skladi\u0161\u010da energentov. Zato so bistveno cenej\u0161a od centralnih sistemov. Cena \u00a0izgradnje kurilnice, dimnika in skladi\u0161\u010da energenta \u00a0ponavadi presega kompletno za\u010detno investicijo na\u0161ega ogrevanja.<\/p>\n<p>\u010ce prihranjeni denar vlo\u017eite v fotovoltaiko se boste ogrevali brezpla\u010dno.<\/p>\n<p>[\/et_pb_text][\/et_pb_column][et_pb_column type=\u00a0\u00bb1_2&Prime; _builder_version=\u00a0\u00bb3.0.47&Prime; parallax=\u00a0\u00bboff\u00a0\u00bb parallax_method=\u00a0\u00bbon\u00a0\u00bb][et_pb_text _builder_version=\u00a0\u00bb3.0.64&Prime;]<\/p>\n<h2>U\u010cINKOVITOST OGREVANJA ( poraba energije )<\/h2>\n<p>Na\u0161e ogrevanje\u00a0 nima energetskih izgub zna\u010dilnih za centralne sisteme (izgube kotla,\u00a0izgube \u00a0pri prenosu energije do ogreval, izgube na regulaciji).Kot talno ogrevanje\u00a0 ima skoraj idealen temperaturni profil. Velikansko ogrevalno telo omogo\u010da izredno nizek temperaturni re\u017eim.\u00a0Regulacija je direktna in nastavljiva, za vsak prostor posebej.\u00a0Z manj energije se preprosto ne da kvalitetno ogreti objektov! Temu primerni so tudi stro\u0161ki ogrevanja.<\/p>\n<p>[\/et_pb_text][\/et_pb_column][\/et_pb_row][et_pb_row _builder_version=\u00a0\u00bb3.0.47&Prime; background_size=\u00a0\u00bbinitial\u00a0\u00bb background_position=\u00a0\u00bbtop_left\u00a0\u00bb background_repeat=\u00a0\u00bbrepeat\u00a0\u00bb][et_pb_column type=\u00a0\u00bb1_2&Prime; _builder_version=\u00a0\u00bb3.0.47&Prime; parallax=\u00a0\u00bboff\u00a0\u00bb parallax_method=\u00a0\u00bbon\u00a0\u00bb][et_pb_text _builder_version=\u00a0\u00bb3.0.64&Prime;]<\/p>\n<h2>STRO&Scaron;KI VZDR\u017dEVANJA&nbsp;<\/h2>\n<p>Redna vzdr\u017eevanja:<br \/> Rednih vzdr\u017eevanj preprosto ni.Torej ni vsakoletnih stro&scaron;kov vzdr\u017eevanja kotla, cistern, dimnika in ogrevalnih teles.<\/p>\n<p>Izredna vzdr\u017eevanja ( popravila ):<br \/> Sistem ogrevanja I-eco je zelo preprost, zato so ispadi redki in cenovno nezahtevni.<\/p>\n<p>&nbsp;<\/p>\n<p>[\/et_pb_text][\/et_pb_column][et_pb_column type=\u00a0\u00bb1_2&Prime; _builder_version=\u00a0\u00bb3.0.47&Prime; parallax=\u00a0\u00bboff\u00a0\u00bb parallax_method=\u00a0\u00bbon\u00a0\u00bb][et_pb_text _builder_version=\u00a0\u00bb3.0.64&Prime;]<\/p>\n<h2>\u017dIVLJENSKA DOBA<\/h2>\n<p>&#8211; Predvidena \u017eivljenska doba ogrevalnih trakov presega 100 let.<br \/> &#8211; Predvidena \u017eivljenska doba transformatorjev presega 50 let.<\/p>\n<p>V kategorijah stro&scaron;kov vzdr\u017eevanja in \u017eivljenske dobe na&scaron; sistem ogrevanja verjetno nima konkurence<\/p>\n<p>Zaklju\u010dek: Relativno visoko ceno energenta ( elektrike ) sistem popolnoma nadomesti z nizko za\u010detno investicijo, trajnostjo in zanemarljivimi stro&scaron;ki vzdr\u017eevanja.<\/p>\n<p>[\/et_pb_text][\/et_pb_column][\/et_pb_row][\/et_pb_section][et_pb_section fb_built=\u00a0\u00bb1&Prime; background_color=\u00a0\u00bb#e0e0e0&Prime; _builder_version=\u00a0\u00bb3.0.64&Prime;][et_pb_row _builder_version=\u00a0\u00bb3.0.64&Prime; make_fullwidth=\u00a0\u00bbon\u00a0\u00bb][et_pb_column type=\u00a0\u00bb1_2&Prime; _builder_version=\u00a0\u00bb3.0.64&Prime; parallax=\u00a0\u00bboff\u00a0\u00bb parallax_method=\u00a0\u00bbon\u00a0\u00bb][et_pb_text _builder_version=\u00a0\u00bb3.0.64&Prime;]<\/p>\n<h1 style=\"text-align: center;\">Vrhunsko ugodje<\/h1>\n<p>&nbsp;<\/p>\n<p><span>Pri skrajno nizkem temperaturnem re\u017eimu in velikanskem ogrevalnem telesu vam to ogrevanje niti ne more ponuditi ni\u010d drugega kot \u010disti u\u017eitek. Bivalnemu ugodju smo pravzaprav tudi posvetili najve\u010d pozornosti. Rezultati so slede\u010di:<\/span><\/p>\n<p><span>&#8211;&nbsp; enakomerno in uravnote\u017eeno oddajanje toplote;<\/span><\/p>\n<p><span>&#8211;&nbsp; enakomerna porazdelitev temperature po tleh in prostoru;<\/span><\/p>\n<p><span>&#8211;&nbsp; skoraj idealen temperaturni profil (tople noge in hladna glava);<\/span><\/p>\n<p><span>&#8211;&nbsp; izbira temperaturnega re\u017eima za vsak prostor posebej;<\/span><\/p>\n<p><span>&#8211;&nbsp; sprejemljivost z vidika oblikovanja prostora (ni radiatorjev)<\/span><\/p>\n<p><span>&#8211;&nbsp; nepovzro\u010danje hrupa, vonjav, kro\u017eenja prahu in telesu nesprejemljivih povr&scaron;inskih temperatur;<\/span><\/p>\n<p><span>&#8211;&nbsp; dobre regulacijske sposobnosti;<\/span><\/p>\n<p>&#8211; &nbsp;mo\u017enost izbire talne, stenske ali kombinirane izvedbe.<\/p>\n<p>[\/et_pb_text][\/et_pb_column][et_pb_column type=\u00a0\u00bb1_2&Prime; _builder_version=\u00a0\u00bb3.0.64&Prime; parallax=\u00a0\u00bboff\u00a0\u00bb parallax_method=\u00a0\u00bbon\u00a0\u00bb][et_pb_text _builder_version=\u00a0\u00bb3.0.64&Prime;]<\/p>\n<h1 style=\"text-align: center;\">Higiena&nbsp;<\/h1>\n<p>&nbsp;<\/p>\n<p><span>Osnovna razlika med \u00ab\u00a0radiatorskim\u00a0\u00bb in talnim ogrevanjem je v na\u010dinu prenosa toplote v prostor. Talna ogrevala enakomerno oddajajo oz. sevajo toploto, radiatorji pa jo konvertirajo, tj. toploto prena&scaron;ajo z vrtin\u010denjem zraka. Na ta na\u010din se poleg toplote v prostor prena&scaron;a tudi prah in ves biolo&scaron;ki prirast, ki se ve\u010dinoma razvija na vla\u017enih tleh. Z ogretjem oz. izsu&scaron;itvijo tal talna ogrevala v veliki meri prepre\u010dujejo razvoj omenjenih organizmov. <\/span><\/p>\n<p><span>Torej: manj prahu, manj pr&scaron;ic, manj bakterij, manj alergij&hellip; <\/span><\/p>\n<p><span>&nbsp;<\/span><\/p>\n<p><span>&nbsp;<\/span><\/p>\n<p>[\/et_pb_text][\/et_pb_column][\/et_pb_row][\/et_pb_section][et_pb_section fb_built=\u00a0\u00bb1&Prime; _builder_version=\u00a0\u00bb3.0.64&Prime;][et_pb_row _builder_version=\u00a0\u00bb3.0.64&Prime;][et_pb_column type=\u00a0\u00bb1_2&Prime; _builder_version=\u00a0\u00bb3.0.64&Prime; parallax=\u00a0\u00bboff\u00a0\u00bb parallax_method=\u00a0\u00bbon\u00a0\u00bb][et_pb_text _builder_version=\u00a0\u00bb3.0.64&Prime;]<\/p>\n<h2 style=\"text-align: center;\"><span>VARNOST<\/span><\/h2>\n<p><strong><span>&nbsp;<\/span><\/strong><\/p>\n<p><span>Sistem deluje na varnih 3-48V &nbsp;nizke elektri\u010dne napetosti. Ogrevalne trakove lahko, brez posledic, prevrtate ali zmo\u010dite.<\/span><\/p>\n<p><span>Sanacija eventualnih prekinitev trakov je nezahtevna. Prekinitev lahko lociramo tudi pod estrihom in talnimi oblogami.<\/span><\/p>\n<p><span>Nevarnosti izlitja ni.<\/span><\/p>\n<p><span>Vrednosti elektro &ndash; magnetnega sevanja so bistveno pod dovoljenimi. Za &raquo; bolj&scaron;i ob\u010dutek &raquo;, na zahtevo strank, ogrevalne trakove ne polagamo pod postelje. Torej &scaron;kodljivega vpliva EM sevanja ni!<\/span><\/p>\n<p>[\/et_pb_text][\/et_pb_column][et_pb_column type=\u00a0\u00bb1_2&Prime; _builder_version=\u00a0\u00bb3.0.64&Prime; parallax=\u00a0\u00bboff\u00a0\u00bb parallax_method=\u00a0\u00bbon\u00a0\u00bb][et_pb_text _builder_version=\u00a0\u00bb3.0.64&Prime;]<\/p>\n<h2>Negativen vpliv na o\u017eilje?<\/h2>\n<p><span>&nbsp;<\/span><\/p>\n<p><span>Sistem ima ogromno ogrevalno telo in temu primeren, izredno nizek, temperaturni re\u017eim oz. delovno temperaturo. Temperatura tal v prostorih, v katerih se dlje \u010dasa zadr\u017eujemo, se giblje okrog 26 <\/span>&ordm;<span>C, kar je celo 10 <\/span>&ordm;<span>C manj od na&scaron;e telesne temperature.<\/span><\/p>\n<p><span>&nbsp;Nizek temp. re\u017eim popolnoma izklju\u010di mo\u017enost negativnega&nbsp; vpliva na o\u017eilje!<\/span><\/p>\n<p><span>&nbsp;Za ilustracijo: \u010de ho\u010dete ob\u010dutiti toploto tal, ogretih na 26 <\/span>&ordm;<span>C, morate eno roko polo\u017eiti na tla, drugo pa na steno. <\/span><\/p>\n<p><span>Teorija o tem, da talno ogrevanje lahko negativno vpliva na o\u017eilje, je nastala pred leti, v \u010dasu, ko so za talno in \u00ab\u00a0radiatorsko\u00a0\u00bb ogrevanje uporabljali enake kotle z visokotemperaturnim re\u017eimom ogrevanja.<\/span><\/p>\n<p>[\/et_pb_text][\/et_pb_column][\/et_pb_row][\/et_pb_section]<\/p>\n","protected":false},"excerpt":{"rendered":"<p>EKONOMI\u010cNOSTPoceni energenta trenutno ni, niti ga lahko pri\u010dakujemo v bli\u017enji prihodnosti. V obdobju raznih &scaron;pekulacij na trgu je iluzorno pri\u010dakovati da bi nam izbira dolo\u010denega energenta, dolgoro\u010dno prinesla, omembe vredne prihranke. Trenutni trg fosilnih energentov je dober primer. Torej, zagotovo je le to da se bodo poceni greli le tisti ki \u017eivijo v objektih z visoko stopnjo toplotne izoliranosti in imajo zmerne ogrevalne navade. Znal bi pomagati tudi zanesljiv in visoko u\u010dinkovit ogrevalni sistem z mo\u017enostjo enostavnega priklopa na alternativne vire energije. &nbsp;ZA\u010cETNA INVESTICIJA Ogrevanje I-eco spada med takoimenovana lokalna ogrevanja za katera je zna\u010dilno da ne potrebujejo kurilnice, dimnika ali skladi\u0161\u010da energentov. Zato so bistveno cenej\u0161a od centralnih sistemov. Cena \u00a0izgradnje kurilnice, dimnika in skladi\u0161\u010da energenta \u00a0ponavadi presega kompletno za\u010detno investicijo na\u0161ega ogrevanja. \u010ce prihranjeni denar vlo\u017eite v fotovoltaiko se boste ogrevali brezpla\u010dno. U\u010cINKOVITOST OGREVANJA ( poraba energije ) Na\u0161e ogrevanje\u00a0 nima energetskih izgub zna\u010dilnih za centralne sisteme (izgube kotla,\u00a0izgube \u00a0pri prenosu energije do ogreval, izgube na regulaciji).Kot talno ogrevanje\u00a0 ima skoraj idealen temperaturni profil. Velikansko ogrevalno telo omogo\u010da izredno nizek temperaturni re\u017eim.\u00a0Regulacija je direktna in nastavljiva, za vsak prostor posebej.\u00a0Z manj energije se preprosto ne da kvalitetno ogreti objektov! Temu primerni so tudi stro\u0161ki ogrevanja. STRO&Scaron;KI VZDR\u017dEVANJA&nbsp; Redna [&hellip;]<\/p>\n","protected":false},"author":1,"featured_media":0,"parent":0,"menu_order":0,"comment_status":"closed","ping_status":"closed","template":"","meta":{"_et_pb_use_builder":"on","_et_pb_old_content":"","_et_gb_content_width":"","footnotes":""},"class_list":["post-29738","page","type-page","status-publish","hentry"],"_links":{"self":[{"href":"https:\/\/i-eco.si\/fr\/wp-json\/wp\/v2\/pages\/29738","targetHints":{"allow":["GET"]}}],"collection":[{"href":"https:\/\/i-eco.si\/fr\/wp-json\/wp\/v2\/pages"}],"about":[{"href":"https:\/\/i-eco.si\/fr\/wp-json\/wp\/v2\/types\/page"}],"author":[{"embeddable":true,"href":"https:\/\/i-eco.si\/fr\/wp-json\/wp\/v2\/users\/1"}],"replies":[{"embeddable":true,"href":"https:\/\/i-eco.si\/fr\/wp-json\/wp\/v2\/comments?post=29738"}],"version-history":[{"count":0,"href":"https:\/\/i-eco.si\/fr\/wp-json\/wp\/v2\/pages\/29738\/revisions"}],"wp:attachment":[{"href":"https:\/\/i-eco.si\/fr\/wp-json\/wp\/v2\/media?parent=29738"}],"curies":[{"name":"wp","href":"https:\/\/api.w.org\/{rel}","templated":true}]}}