{"id":29737,"date":"2017-08-27T08:23:07","date_gmt":"2017-08-27T08:23:07","guid":{"rendered":"https:\/\/i-eco.si\/ekonomicnost-2\/"},"modified":"2017-10-31T19:33:13","modified_gmt":"2017-10-31T19:33:13","slug":"cost-efficiency","status":"publish","type":"page","link":"https:\/\/i-eco.si\/en\/cost-efficiency\/","title":{"rendered":"Cost efficiency"},"content":{"rendered":"<p>[et_pb_section fb_built=&#8221;1&#8243; _builder_version=&#8221;3.0.47&#8243;][et_pb_row _builder_version=&#8221;3.0.64&#8243;][et_pb_column type=&#8221;4_4&#8243; _builder_version=&#8221;3.0.64&#8243; parallax=&#8221;off&#8221; parallax_method=&#8221;on&#8221;][et_pb_text _builder_version=&#8221;3.0.64&#8243;]<\/p>\n<h1 style=\"text-align: center;\">EKONOMI\u010cNOST<\/h1>\n<p>[\/et_pb_text][et_pb_text _builder_version=&#8221;3.0.64&#8243;]<\/p>\n<p>Poceni energenta trenutno ni, niti ga lahko pri\u010dakujemo v bli\u017enji prihodnosti.<br \/>\nV obdobju raznih \u0161pekulacij na trgu je iluzorno pri\u010dakovati da bi nam izbira dolo\u010denega energenta, dolgoro\u010dno prinesla, omembe vredne prihranke. Trenutni trg fosilnih energentov je dober primer.<br \/>\nTorej, zagotovo je le to da se bodo poceni greli le tisti ki \u017eivijo v objektih z visoko stopnjo toplotne izoliranosti in imajo zmerne ogrevalne navade.<br \/>\nZnal bi pomagati tudi zanesljiv in visoko u\u010dinkovit ogrevalni sistem z mo\u017enostjo enostavnega priklopa na alternativne vire energije.<\/p>\n<p>&nbsp;<\/p>\n<p>[\/et_pb_text][\/et_pb_column][\/et_pb_row][et_pb_row _builder_version=&#8221;3.0.47&#8243; background_size=&#8221;initial&#8221; background_position=&#8221;top_left&#8221; background_repeat=&#8221;repeat&#8221;][et_pb_column type=&#8221;1_2&#8243; _builder_version=&#8221;3.0.47&#8243; parallax=&#8221;off&#8221; parallax_method=&#8221;on&#8221;][et_pb_text _builder_version=&#8221;3.0.64&#8243;]<\/p>\n<h2>ZA\u010cETNA INVESTICIJA<\/h2>\n<p>Ogrevanje I-eco spada med takoimenovana lokalna ogrevanja za katera je zna\u010dilno da ne potrebujejo kurilnice, dimnika ali skladi\u0161\u010da energentov. Zato so bistveno cenej\u0161a od centralnih sistemov. Cena \u00a0izgradnje kurilnice, dimnika in skladi\u0161\u010da energenta \u00a0ponavadi presega kompletno za\u010detno investicijo na\u0161ega ogrevanja.<\/p>\n<p>\u010ce prihranjeni denar vlo\u017eite v fotovoltaiko se boste ogrevali brezpla\u010dno.<\/p>\n<p>[\/et_pb_text][\/et_pb_column][et_pb_column type=&#8221;1_2&#8243; _builder_version=&#8221;3.0.47&#8243; parallax=&#8221;off&#8221; parallax_method=&#8221;on&#8221;][et_pb_text _builder_version=&#8221;3.0.64&#8243;]<\/p>\n<h2>U\u010cINKOVITOST OGREVANJA ( poraba energije )<\/h2>\n<p>Na\u0161e ogrevanje\u00a0 nima energetskih izgub zna\u010dilnih za centralne sisteme (izgube kotla,\u00a0izgube \u00a0pri prenosu energije do ogreval, izgube na regulaciji).Kot talno ogrevanje\u00a0 ima skoraj idealen temperaturni profil. Velikansko ogrevalno telo omogo\u010da izredno nizek temperaturni re\u017eim.\u00a0Regulacija je direktna in nastavljiva, za vsak prostor posebej.\u00a0Z manj energije se preprosto ne da kvalitetno ogreti objektov! Temu primerni so tudi stro\u0161ki ogrevanja.<\/p>\n<p>[\/et_pb_text][\/et_pb_column][\/et_pb_row][et_pb_row _builder_version=&#8221;3.0.47&#8243; background_size=&#8221;initial&#8221; background_position=&#8221;top_left&#8221; background_repeat=&#8221;repeat&#8221;][et_pb_column type=&#8221;1_2&#8243; _builder_version=&#8221;3.0.47&#8243; parallax=&#8221;off&#8221; parallax_method=&#8221;on&#8221;][et_pb_text _builder_version=&#8221;3.0.64&#8243;]<\/p>\n<h2>STRO\u0160KI VZDR\u017dEVANJA<\/h2>\n<p>Redna vzdr\u017eevanja:<br \/>\nRednih vzdr\u017eevanj preprosto ni.Torej ni vsakoletnih stro\u0161kov vzdr\u017eevanja kotla, cistern, dimnika in ogrevalnih teles.<\/p>\n<p>Izredna vzdr\u017eevanja ( popravila ):<br \/>\nSistem ogrevanja I-eco je zelo preprost, zato so ispadi redki in cenovno nezahtevni.<\/p>\n<p>&nbsp;<\/p>\n<p>[\/et_pb_text][\/et_pb_column][et_pb_column type=&#8221;1_2&#8243; _builder_version=&#8221;3.0.47&#8243; parallax=&#8221;off&#8221; parallax_method=&#8221;on&#8221;][et_pb_text _builder_version=&#8221;3.0.64&#8243;]<\/p>\n<h2>\u017dIVLJENSKA DOBA<\/h2>\n<p>&#8211; Predvidena \u017eivljenska doba ogrevalnih trakov presega 100 let.<br \/>\n&#8211; Predvidena \u017eivljenska doba transformatorjev presega 50 let.<\/p>\n<p>V kategorijah stro\u0161kov vzdr\u017eevanja in \u017eivljenske dobe na\u0161 sistem ogrevanja verjetno nima konkurence<\/p>\n<p>Zaklju\u010dek: Relativno visoko ceno energenta ( elektrike ) sistem popolnoma nadomesti z nizko za\u010detno investicijo, trajnostjo in zanemarljivimi stro\u0161ki vzdr\u017eevanja.<\/p>\n<p>[\/et_pb_text][\/et_pb_column][\/et_pb_row][\/et_pb_section][et_pb_section fb_built=&#8221;1&#8243; background_color=&#8221;#e0e0e0&#8243; _builder_version=&#8221;3.0.64&#8243;][et_pb_row _builder_version=&#8221;3.0.64&#8243; make_fullwidth=&#8221;on&#8221;][et_pb_column type=&#8221;1_2&#8243; _builder_version=&#8221;3.0.64&#8243; parallax=&#8221;off&#8221; parallax_method=&#8221;on&#8221;][et_pb_text _builder_version=&#8221;3.0.64&#8243;]<\/p>\n<h1 style=\"text-align: center;\">Vrhunsko ugodje<\/h1>\n<p>&nbsp;<\/p>\n<p>Pri skrajno nizkem temperaturnem re\u017eimu in velikanskem ogrevalnem telesu vam to ogrevanje niti ne more ponuditi ni\u010d drugega kot \u010disti u\u017eitek. Bivalnemu ugodju smo pravzaprav tudi posvetili najve\u010d pozornosti. Rezultati so slede\u010di:<\/p>\n<p>&#8211;\u00a0 enakomerno in uravnote\u017eeno oddajanje toplote;<\/p>\n<p>&#8211;\u00a0 enakomerna porazdelitev temperature po tleh in prostoru;<\/p>\n<p>&#8211;\u00a0 skoraj idealen temperaturni profil (tople noge in hladna glava);<\/p>\n<p>&#8211;\u00a0 izbira temperaturnega re\u017eima za vsak prostor posebej;<\/p>\n<p>&#8211;\u00a0 sprejemljivost z vidika oblikovanja prostora (ni radiatorjev)<\/p>\n<p>&#8211;\u00a0 nepovzro\u010danje hrupa, vonjav, kro\u017eenja prahu in telesu nesprejemljivih povr\u0161inskih temperatur;<\/p>\n<p>&#8211;\u00a0 dobre regulacijske sposobnosti;<\/p>\n<p>&#8211; \u00a0mo\u017enost izbire talne, stenske ali kombinirane izvedbe.<\/p>\n<p>[\/et_pb_text][\/et_pb_column][et_pb_column type=&#8221;1_2&#8243; _builder_version=&#8221;3.0.64&#8243; parallax=&#8221;off&#8221; parallax_method=&#8221;on&#8221;][et_pb_text _builder_version=&#8221;3.0.64&#8243;]<\/p>\n<h1 style=\"text-align: center;\">Higiena<\/h1>\n<p>&nbsp;<\/p>\n<p>Osnovna razlika med &#8220;radiatorskim&#8221; in talnim ogrevanjem je v na\u010dinu prenosa toplote v prostor. Talna ogrevala enakomerno oddajajo oz. sevajo toploto, radiatorji pa jo konvertirajo, tj. toploto prena\u0161ajo z vrtin\u010denjem zraka. Na ta na\u010din se poleg toplote v prostor prena\u0161a tudi prah in ves biolo\u0161ki prirast, ki se ve\u010dinoma razvija na vla\u017enih tleh. Z ogretjem oz. izsu\u0161itvijo tal talna ogrevala v veliki meri prepre\u010dujejo razvoj omenjenih organizmov.<\/p>\n<p>Torej: manj prahu, manj pr\u0161ic, manj bakterij, manj alergij\u2026<\/p>\n<p>&nbsp;<\/p>\n<p>&nbsp;<\/p>\n<p>[\/et_pb_text][\/et_pb_column][\/et_pb_row][\/et_pb_section][et_pb_section fb_built=&#8221;1&#8243; _builder_version=&#8221;3.0.64&#8243;][et_pb_row _builder_version=&#8221;3.0.64&#8243;][et_pb_column type=&#8221;1_2&#8243; _builder_version=&#8221;3.0.64&#8243; parallax=&#8221;off&#8221; parallax_method=&#8221;on&#8221;][et_pb_text _builder_version=&#8221;3.0.64&#8243;]<\/p>\n<h2 style=\"text-align: center;\">VARNOST<\/h2>\n<p><strong>\u00a0<\/strong><\/p>\n<p>Sistem deluje na varnih 3-48V \u00a0nizke elektri\u010dne napetosti. Ogrevalne trakove lahko, brez posledic, prevrtate ali zmo\u010dite.<\/p>\n<p>Sanacija eventualnih prekinitev trakov je nezahtevna. Prekinitev lahko lociramo tudi pod estrihom in talnimi oblogami.<\/p>\n<p>Nevarnosti izlitja ni.<\/p>\n<p>Vrednosti elektro \u2013 magnetnega sevanja so bistveno pod dovoljenimi. Za \u00bb bolj\u0161i ob\u010dutek \u00bb, na zahtevo strank, ogrevalne trakove ne polagamo pod postelje. Torej \u0161kodljivega vpliva EM sevanja ni!<\/p>\n<p>[\/et_pb_text][\/et_pb_column][et_pb_column type=&#8221;1_2&#8243; _builder_version=&#8221;3.0.64&#8243; parallax=&#8221;off&#8221; parallax_method=&#8221;on&#8221;][et_pb_text _builder_version=&#8221;3.0.64&#8243;]<\/p>\n<h2>Negativen vpliv na o\u017eilje?<\/h2>\n<p>&nbsp;<\/p>\n<p>Sistem ima ogromno ogrevalno telo in temu primeren, izredno nizek, temperaturni re\u017eim oz. delovno temperaturo. Temperatura tal v prostorih, v katerih se dlje \u010dasa zadr\u017eujemo, se giblje okrog 26 \u00baC, kar je celo 10 \u00baC manj od na\u0161e telesne temperature.<\/p>\n<p>Nizek temp. re\u017eim popolnoma izklju\u010di mo\u017enost negativnega\u00a0 vpliva na o\u017eilje!<\/p>\n<p>Za ilustracijo: \u010de ho\u010dete ob\u010dutiti toploto tal, ogretih na 26 \u00baC, morate eno roko polo\u017eiti na tla, drugo pa na steno.<\/p>\n<p>Teorija o tem, da talno ogrevanje lahko negativno vpliva na o\u017eilje, je nastala pred leti, v \u010dasu, ko so za talno in &#8220;radiatorsko&#8221; ogrevanje uporabljali enake kotle z visokotemperaturnim re\u017eimom ogrevanja.<\/p>\n<p>[\/et_pb_text][\/et_pb_column][\/et_pb_row][\/et_pb_section]<\/p>\n","protected":false},"excerpt":{"rendered":"<p>EKONOMI\u010cNOST Poceni energenta trenutno ni, niti ga lahko pri\u010dakujemo v bli\u017enji prihodnosti. V obdobju raznih \u0161pekulacij na trgu je iluzorno pri\u010dakovati da bi nam izbira dolo\u010denega energenta, dolgoro\u010dno prinesla, omembe vredne prihranke. Trenutni trg fosilnih energentov je dober primer. Torej, zagotovo je le to da se bodo poceni greli le tisti ki \u017eivijo v objektih z visoko stopnjo toplotne izoliranosti in imajo zmerne ogrevalne navade. Znal bi pomagati tudi zanesljiv in visoko u\u010dinkovit ogrevalni sistem z mo\u017enostjo enostavnega priklopa na alternativne vire energije. &nbsp; ZA\u010cETNA INVESTICIJA Ogrevanje I-eco spada med takoimenovana lokalna ogrevanja za katera je zna\u010dilno da ne potrebujejo kurilnice, dimnika ali skladi\u0161\u010da energentov. Zato so bistveno cenej\u0161a od centralnih sistemov. Cena \u00a0izgradnje kurilnice, dimnika in skladi\u0161\u010da energenta \u00a0ponavadi presega kompletno za\u010detno investicijo na\u0161ega ogrevanja. \u010ce prihranjeni denar vlo\u017eite v fotovoltaiko se boste ogrevali brezpla\u010dno. U\u010cINKOVITOST OGREVANJA ( poraba energije ) Na\u0161e ogrevanje\u00a0 nima energetskih izgub zna\u010dilnih za centralne sisteme (izgube kotla,\u00a0izgube \u00a0pri prenosu energije do ogreval, izgube na regulaciji).Kot talno ogrevanje\u00a0 ima skoraj idealen temperaturni profil. Velikansko ogrevalno telo omogo\u010da izredno nizek temperaturni re\u017eim.\u00a0Regulacija je direktna in nastavljiva, za vsak prostor posebej.\u00a0Z manj energije se preprosto ne da kvalitetno ogreti objektov! Temu primerni so tudi stro\u0161ki ogrevanja. STRO\u0160KI [&hellip;]<\/p>\n","protected":false},"author":1,"featured_media":0,"parent":0,"menu_order":0,"comment_status":"closed","ping_status":"closed","template":"","meta":{"_et_pb_use_builder":"on","_et_pb_old_content":"","_et_gb_content_width":"","footnotes":""},"class_list":["post-29737","page","type-page","status-publish","hentry"],"_links":{"self":[{"href":"https:\/\/i-eco.si\/en\/wp-json\/wp\/v2\/pages\/29737","targetHints":{"allow":["GET"]}}],"collection":[{"href":"https:\/\/i-eco.si\/en\/wp-json\/wp\/v2\/pages"}],"about":[{"href":"https:\/\/i-eco.si\/en\/wp-json\/wp\/v2\/types\/page"}],"author":[{"embeddable":true,"href":"https:\/\/i-eco.si\/en\/wp-json\/wp\/v2\/users\/1"}],"replies":[{"embeddable":true,"href":"https:\/\/i-eco.si\/en\/wp-json\/wp\/v2\/comments?post=29737"}],"version-history":[{"count":0,"href":"https:\/\/i-eco.si\/en\/wp-json\/wp\/v2\/pages\/29737\/revisions"}],"wp:attachment":[{"href":"https:\/\/i-eco.si\/en\/wp-json\/wp\/v2\/media?parent=29737"}],"curies":[{"name":"wp","href":"https:\/\/api.w.org\/{rel}","templated":true}]}}